{"id":326,"date":"2026-02-17T22:13:16","date_gmt":"2026-02-17T21:13:16","guid":{"rendered":"https:\/\/boyala.com\/cr\/?page_id=326"},"modified":"2026-03-16T21:10:50","modified_gmt":"2026-03-16T20:10:50","slug":"productos","status":"publish","type":"page","link":"https:\/\/boyala.com\/cr\/productos\/","title":{"rendered":"Productos"},"content":{"rendered":"\t\t<div data-elementor-type=\"wp-page\" data-elementor-id=\"326\" class=\"elementor elementor-326\" data-elementor-post-type=\"page\">\n\t\t\t\t<div class=\"elementor-element elementor-element-0693cd6 e-flex e-con-boxed e-con e-parent\" data-id=\"0693cd6\" data-element_type=\"container\" data-e-type=\"container\">\n\t\t\t\t\t<div class=\"e-con-inner\">\n\t\t<div class=\"elementor-element elementor-element-d796a97 e-con-full e-flex e-con e-child\" data-id=\"d796a97\" data-element_type=\"container\" data-e-type=\"container\">\n\t\t\t\t<div class=\"elementor-element elementor-element-6d2e9a5 elementor-position-top elementor-widget elementor-widget-image-box\" data-id=\"6d2e9a5\" data-element_type=\"widget\" data-e-type=\"widget\" data-widget_type=\"image-box.default\">\n\t\t\t\t\t<div class=\"elementor-image-box-wrapper\"><figure class=\"elementor-image-box-img\"><a href=\"https:\/\/boyala.com\/cr\/productos\/sap-business-one\/\" tabindex=\"-1\"><img fetchpriority=\"high\" decoding=\"async\" width=\"1200\" height=\"800\" src=\"https:\/\/boyala.com\/cr\/wp-content\/uploads\/sites\/2\/2026\/02\/Que-es-SAP-Business-One.webp\" class=\"attachment-full size-full wp-image-113\" alt=\"Qu\u00e9 es SAP Business One\" srcset=\"https:\/\/boyala.com\/cr\/wp-content\/uploads\/sites\/2\/2026\/02\/Que-es-SAP-Business-One.webp 1200w, https:\/\/boyala.com\/cr\/wp-content\/uploads\/sites\/2\/2026\/02\/Que-es-SAP-Business-One-500x333.webp 500w, https:\/\/boyala.com\/cr\/wp-content\/uploads\/sites\/2\/2026\/02\/Que-es-SAP-Business-One-300x200.webp 300w, https:\/\/boyala.com\/cr\/wp-content\/uploads\/sites\/2\/2026\/02\/Que-es-SAP-Business-One-768x512.webp 768w, https:\/\/boyala.com\/cr\/wp-content\/uploads\/sites\/2\/2026\/02\/Que-es-SAP-Business-One-113x75.webp 113w, https:\/\/boyala.com\/cr\/wp-content\/uploads\/sites\/2\/2026\/02\/Que-es-SAP-Business-One-480x320.webp 480w\" sizes=\"(max-width:767px) 480px, (max-width:1200px) 100vw, 1200px\" \/><\/a><\/figure><div class=\"elementor-image-box-content\"><h2 class=\"elementor-image-box-title\"><a href=\"https:\/\/boyala.com\/cr\/productos\/sap-business-one\/\">SAP Business One<\/a><\/h2><p class=\"elementor-image-box-description\">Una plataforma integrada para gestionar tu empresa con claridad y control<\/p><\/div><\/div>\t\t\t\t<\/div>\n\t\t\t\t<\/div>\n\t\t<div class=\"elementor-element elementor-element-b4e719b e-con-full e-flex e-con e-child\" data-id=\"b4e719b\" data-element_type=\"container\" data-e-type=\"container\">\n\t\t\t\t<div class=\"elementor-element elementor-element-c0bec1d elementor-position-top elementor-widget elementor-widget-image-box\" data-id=\"c0bec1d\" data-element_type=\"widget\" data-e-type=\"widget\" data-widget_type=\"image-box.default\">\n\t\t\t\t\t<div class=\"elementor-image-box-wrapper\"><figure class=\"elementor-image-box-img\"><a href=\"https:\/\/boyala.com\/cr\/productos\/pos-customer-checkout\/\" tabindex=\"-1\"><img decoding=\"async\" width=\"1200\" height=\"800\" src=\"https:\/\/boyala.com\/cr\/wp-content\/uploads\/sites\/2\/2026\/02\/Que-es-SAP-Customer-Checkout.webp\" class=\"attachment-full size-full wp-image-286\" alt=\"\u00bfQu\u00e9 es SAP Customer Checkout?\" srcset=\"https:\/\/boyala.com\/cr\/wp-content\/uploads\/sites\/2\/2026\/02\/Que-es-SAP-Customer-Checkout.webp 1200w, https:\/\/boyala.com\/cr\/wp-content\/uploads\/sites\/2\/2026\/02\/Que-es-SAP-Customer-Checkout-500x333.webp 500w, https:\/\/boyala.com\/cr\/wp-content\/uploads\/sites\/2\/2026\/02\/Que-es-SAP-Customer-Checkout-300x200.webp 300w, https:\/\/boyala.com\/cr\/wp-content\/uploads\/sites\/2\/2026\/02\/Que-es-SAP-Customer-Checkout-768x512.webp 768w, https:\/\/boyala.com\/cr\/wp-content\/uploads\/sites\/2\/2026\/02\/Que-es-SAP-Customer-Checkout-113x75.webp 113w, https:\/\/boyala.com\/cr\/wp-content\/uploads\/sites\/2\/2026\/02\/Que-es-SAP-Customer-Checkout-480x320.webp 480w\" sizes=\"(max-width:767px) 480px, (max-width:1200px) 100vw, 1200px\" \/><\/a><\/figure><div class=\"elementor-image-box-content\"><h2 class=\"elementor-image-box-title\"><a href=\"https:\/\/boyala.com\/cr\/productos\/pos-customer-checkout\/\">POS: Customer Checkout<\/a><\/h2><p class=\"elementor-image-box-description\">Una soluci\u00f3n sencilla y confiable para gestionar las ventas en el punto de venta<\/p><\/div><\/div>\t\t\t\t<\/div>\n\t\t\t\t<\/div>\n\t\t<div class=\"elementor-element elementor-element-c46bffc e-con-full e-flex e-con e-child\" data-id=\"c46bffc\" data-element_type=\"container\" data-e-type=\"container\">\n\t\t\t\t<div class=\"elementor-element elementor-element-31283c5 elementor-position-top elementor-widget elementor-widget-image-box\" data-id=\"31283c5\" data-element_type=\"widget\" data-e-type=\"widget\" data-widget_type=\"image-box.default\">\n\t\t\t\t\t<div class=\"elementor-image-box-wrapper\"><figure class=\"elementor-image-box-img\"><a href=\"https:\/\/boyala.com\/cr\/productos\/power-bi\/\" tabindex=\"-1\"><img decoding=\"async\" width=\"1200\" height=\"800\" src=\"https:\/\/boyala.com\/cr\/wp-content\/uploads\/sites\/2\/2026\/02\/power-bi-full-dashboard-01.webp\" class=\"attachment-full size-full wp-image-469\" alt=\"Power BI\" srcset=\"https:\/\/boyala.com\/cr\/wp-content\/uploads\/sites\/2\/2026\/02\/power-bi-full-dashboard-01.webp 1200w, https:\/\/boyala.com\/cr\/wp-content\/uploads\/sites\/2\/2026\/02\/power-bi-full-dashboard-01-500x333.webp 500w, https:\/\/boyala.com\/cr\/wp-content\/uploads\/sites\/2\/2026\/02\/power-bi-full-dashboard-01-300x200.webp 300w, https:\/\/boyala.com\/cr\/wp-content\/uploads\/sites\/2\/2026\/02\/power-bi-full-dashboard-01-768x512.webp 768w, https:\/\/boyala.com\/cr\/wp-content\/uploads\/sites\/2\/2026\/02\/power-bi-full-dashboard-01-113x75.webp 113w, https:\/\/boyala.com\/cr\/wp-content\/uploads\/sites\/2\/2026\/02\/power-bi-full-dashboard-01-480x320.webp 480w\" sizes=\"(max-width:767px) 480px, (max-width:1200px) 100vw, 1200px\" \/><\/a><\/figure><div class=\"elementor-image-box-content\"><h2 class=\"elementor-image-box-title\"><a href=\"https:\/\/boyala.com\/cr\/productos\/power-bi\/\">Power BI<\/a><\/h2><p class=\"elementor-image-box-description\">Convierte tus datos en decisiones claras<\/p><\/div><\/div>\t\t\t\t<\/div>\n\t\t\t\t<\/div>\n\t\t\t\t\t<\/div>\n\t\t\t\t<\/div>\n\t\t<div class=\"elementor-element elementor-element-44670ac e-flex e-con-boxed e-con e-parent\" data-id=\"44670ac\" data-element_type=\"container\" data-e-type=\"container\">\n\t\t\t\t\t<div class=\"e-con-inner\">\n\t\t<div class=\"elementor-element elementor-element-7d1062b e-con-full e-flex e-con e-child\" data-id=\"7d1062b\" data-element_type=\"container\" data-e-type=\"container\">\n\t\t\t\t<div class=\"elementor-element elementor-element-9f85084 elementor-position-top elementor-widget elementor-widget-image-box\" data-id=\"9f85084\" data-element_type=\"widget\" data-e-type=\"widget\" data-widget_type=\"image-box.default\">\n\t\t\t\t\t<div class=\"elementor-image-box-wrapper\"><figure class=\"elementor-image-box-img\"><a href=\"https:\/\/boyala.com\/cr\/productos\/stockup\/\" tabindex=\"-1\"><img loading=\"lazy\" decoding=\"async\" width=\"1200\" height=\"800\" src=\"https:\/\/boyala.com\/cr\/wp-content\/uploads\/sites\/2\/2026\/03\/StockUp-gestion-de-inventarios-en-bodegas.webp\" class=\"attachment-full size-full wp-image-1470\" alt=\"StockUp: gesti\u00f3n de inventarios en bodegas\" srcset=\"https:\/\/boyala.com\/cr\/wp-content\/uploads\/sites\/2\/2026\/03\/StockUp-gestion-de-inventarios-en-bodegas.webp 1200w, https:\/\/boyala.com\/cr\/wp-content\/uploads\/sites\/2\/2026\/03\/StockUp-gestion-de-inventarios-en-bodegas-500x333.webp 500w, https:\/\/boyala.com\/cr\/wp-content\/uploads\/sites\/2\/2026\/03\/StockUp-gestion-de-inventarios-en-bodegas-300x200.webp 300w, https:\/\/boyala.com\/cr\/wp-content\/uploads\/sites\/2\/2026\/03\/StockUp-gestion-de-inventarios-en-bodegas-768x512.webp 768w, https:\/\/boyala.com\/cr\/wp-content\/uploads\/sites\/2\/2026\/03\/StockUp-gestion-de-inventarios-en-bodegas-113x75.webp 113w, https:\/\/boyala.com\/cr\/wp-content\/uploads\/sites\/2\/2026\/03\/StockUp-gestion-de-inventarios-en-bodegas-480x320.webp 480w\" sizes=\"(max-width:767px) 480px, (max-width:1200px) 100vw, 1200px\" \/><\/a><\/figure><div class=\"elementor-image-box-content\"><h2 class=\"elementor-image-box-title\"><a href=\"https:\/\/boyala.com\/cr\/productos\/stockup\/\">StockUp<\/a><\/h2><p class=\"elementor-image-box-description\">Gesti\u00f3n de inventarios \u00e1gil desde cualquier dispositivo.<\/p><\/div><\/div>\t\t\t\t<\/div>\n\t\t\t\t<\/div>\n\t\t<div class=\"elementor-element elementor-element-e101e4f e-con-full e-flex e-con e-child\" data-id=\"e101e4f\" data-element_type=\"container\" data-e-type=\"container\">\n\t\t\t\t<div class=\"elementor-element elementor-element-963fd83 elementor-position-top elementor-widget elementor-widget-image-box\" data-id=\"963fd83\" data-element_type=\"widget\" data-e-type=\"widget\" data-widget_type=\"image-box.default\">\n\t\t\t\t\t<div class=\"elementor-image-box-wrapper\"><figure class=\"elementor-image-box-img\"><a href=\"https:\/\/boyala.com\/cr\/productos\/facturacion-electronica\/\" tabindex=\"-1\"><img loading=\"lazy\" decoding=\"async\" width=\"1200\" height=\"800\" src=\"https:\/\/boyala.com\/cr\/wp-content\/uploads\/sites\/2\/2026\/02\/Facturacion-Electronica.webp\" class=\"attachment-full size-full wp-image-335\" alt=\"Facturaci\u00f3n Electr\u00f3nica para SAP Business One\" srcset=\"https:\/\/boyala.com\/cr\/wp-content\/uploads\/sites\/2\/2026\/02\/Facturacion-Electronica.webp 1200w, https:\/\/boyala.com\/cr\/wp-content\/uploads\/sites\/2\/2026\/02\/Facturacion-Electronica-500x333.webp 500w, https:\/\/boyala.com\/cr\/wp-content\/uploads\/sites\/2\/2026\/02\/Facturacion-Electronica-300x200.webp 300w, https:\/\/boyala.com\/cr\/wp-content\/uploads\/sites\/2\/2026\/02\/Facturacion-Electronica-768x512.webp 768w, https:\/\/boyala.com\/cr\/wp-content\/uploads\/sites\/2\/2026\/02\/Facturacion-Electronica-113x75.webp 113w, https:\/\/boyala.com\/cr\/wp-content\/uploads\/sites\/2\/2026\/02\/Facturacion-Electronica-480x320.webp 480w\" sizes=\"(max-width:767px) 480px, (max-width:1200px) 100vw, 1200px\" \/><\/a><\/figure><div class=\"elementor-image-box-content\"><h2 class=\"elementor-image-box-title\"><a href=\"https:\/\/boyala.com\/cr\/productos\/facturacion-electronica\/\">Facturaci\u00f3n Electr\u00f3nica<\/a><\/h2><p class=\"elementor-image-box-description\">Cumplimiento fiscal en Costa Rica, integrado de forma natural a tu operaci\u00f3n.<\/p><\/div><\/div>\t\t\t\t<\/div>\n\t\t\t\t<\/div>\n\t\t<div class=\"elementor-element elementor-element-e536fe6 e-con-full e-flex e-con e-child\" data-id=\"e536fe6\" data-element_type=\"container\" data-e-type=\"container\">\n\t\t\t\t<div class=\"elementor-element elementor-element-c349990 elementor-position-top elementor-widget elementor-widget-image-box\" data-id=\"c349990\" data-element_type=\"widget\" data-e-type=\"widget\" data-widget_type=\"image-box.default\">\n\t\t\t\t\t<div class=\"elementor-image-box-wrapper\"><figure class=\"elementor-image-box-img\"><a href=\"https:\/\/boyala.com\/cr\/productos\/nomina\/\" tabindex=\"-1\"><img loading=\"lazy\" decoding=\"async\" width=\"1200\" height=\"800\" src=\"https:\/\/boyala.com\/cr\/wp-content\/uploads\/sites\/2\/2026\/02\/Que-es-Ventura.webp\" class=\"attachment-full size-full wp-image-360\" alt=\"Qu\u00e9 es Ventura\" srcset=\"https:\/\/boyala.com\/cr\/wp-content\/uploads\/sites\/2\/2026\/02\/Que-es-Ventura.webp 1200w, https:\/\/boyala.com\/cr\/wp-content\/uploads\/sites\/2\/2026\/02\/Que-es-Ventura-500x333.webp 500w, https:\/\/boyala.com\/cr\/wp-content\/uploads\/sites\/2\/2026\/02\/Que-es-Ventura-300x200.webp 300w, https:\/\/boyala.com\/cr\/wp-content\/uploads\/sites\/2\/2026\/02\/Que-es-Ventura-768x512.webp 768w, https:\/\/boyala.com\/cr\/wp-content\/uploads\/sites\/2\/2026\/02\/Que-es-Ventura-113x75.webp 113w, https:\/\/boyala.com\/cr\/wp-content\/uploads\/sites\/2\/2026\/02\/Que-es-Ventura-480x320.webp 480w\" sizes=\"(max-width:767px) 480px, (max-width:1200px) 100vw, 1200px\" \/><\/a><\/figure><div class=\"elementor-image-box-content\"><h2 class=\"elementor-image-box-title\"><a href=\"https:\/\/boyala.com\/cr\/productos\/nomina\/\">N\u00f3mina<\/a><\/h2><p class=\"elementor-image-box-description\">Gesti\u00f3n de n\u00f3mina flexible, confiable y alineada a la legislaci\u00f3n local.<\/p><\/div><\/div>\t\t\t\t<\/div>\n\t\t\t\t<\/div>\n\t\t\t\t\t<\/div>\n\t\t\t\t<\/div>\n\t\t<div class=\"elementor-element elementor-element-1b7d908 e-flex e-con-boxed e-con e-parent\" data-id=\"1b7d908\" data-element_type=\"container\" data-e-type=\"container\">\n\t\t\t\t\t<div class=\"e-con-inner\">\n\t\t<div class=\"elementor-element elementor-element-df3627b e-con-full e-flex e-con e-child\" data-id=\"df3627b\" data-element_type=\"container\" data-e-type=\"container\">\n\t\t\t\t<div class=\"elementor-element elementor-element-3c0b740 elementor-position-top elementor-widget elementor-widget-image-box\" data-id=\"3c0b740\" data-element_type=\"widget\" data-e-type=\"widget\" data-widget_type=\"image-box.default\">\n\t\t\t\t\t<div class=\"elementor-image-box-wrapper\"><figure class=\"elementor-image-box-img\"><a href=\"https:\/\/boyala.com\/cr\/productos\/complementos\/\" tabindex=\"-1\"><img loading=\"lazy\" decoding=\"async\" width=\"1200\" height=\"800\" src=\"https:\/\/boyala.com\/cr\/wp-content\/uploads\/sites\/2\/2026\/02\/Complementos-SAP-Business-One.webp\" class=\"attachment-full size-full wp-image-393\" alt=\"Complementos SAP Business One\" srcset=\"https:\/\/boyala.com\/cr\/wp-content\/uploads\/sites\/2\/2026\/02\/Complementos-SAP-Business-One.webp 1200w, https:\/\/boyala.com\/cr\/wp-content\/uploads\/sites\/2\/2026\/02\/Complementos-SAP-Business-One-500x333.webp 500w, https:\/\/boyala.com\/cr\/wp-content\/uploads\/sites\/2\/2026\/02\/Complementos-SAP-Business-One-300x200.webp 300w, https:\/\/boyala.com\/cr\/wp-content\/uploads\/sites\/2\/2026\/02\/Complementos-SAP-Business-One-768x512.webp 768w, https:\/\/boyala.com\/cr\/wp-content\/uploads\/sites\/2\/2026\/02\/Complementos-SAP-Business-One-113x75.webp 113w, https:\/\/boyala.com\/cr\/wp-content\/uploads\/sites\/2\/2026\/02\/Complementos-SAP-Business-One-480x320.webp 480w\" sizes=\"(max-width:767px) 480px, (max-width:1200px) 100vw, 1200px\" \/><\/a><\/figure><div class=\"elementor-image-box-content\"><h2 class=\"elementor-image-box-title\"><a href=\"https:\/\/boyala.com\/cr\/productos\/complementos\/\">Complementos<\/a><\/h2><p class=\"elementor-image-box-description\">Nuestros complementos est\u00e1n dise\u00f1ados para simplificar tareas operativas.<\/p><\/div><\/div>\t\t\t\t<\/div>\n\t\t\t\t<\/div>\n\t\t<div class=\"elementor-element elementor-element-d69ad8a e-con-full e-flex e-con e-child\" data-id=\"d69ad8a\" data-element_type=\"container\" data-e-type=\"container\">\n\t\t\t\t<\/div>\n\t\t<div class=\"elementor-element elementor-element-65cf592 e-con-full e-flex e-con e-child\" data-id=\"65cf592\" data-element_type=\"container\" data-e-type=\"container\">\n\t\t\t\t<\/div>\n\t\t\t\t\t<\/div>\n\t\t\t\t<\/div>\n\t\t\t\t<\/div>\n\t\t","protected":false},"excerpt":{"rendered":"<p>SAP Business One Una plataforma integrada para gestionar tu empresa con claridad y control POS: Customer Checkout Una soluci\u00f3n sencilla y confiable para gestionar las ventas<span class=\"excerpt-hellip\"> [\u2026]<\/span><\/p>\n","protected":false},"author":2,"featured_media":-1,"parent":0,"menu_order":0,"comment_status":"closed","ping_status":"closed","template":"","meta":{"footnotes":""},"class_list":["post-326","page","type-page","status-publish","has-post-thumbnail","hentry"],"_links":{"self":[{"href":"https:\/\/boyala.com\/cr\/wp-json\/wp\/v2\/pages\/326","targetHints":{"allow":["GET"]}}],"collection":[{"href":"https:\/\/boyala.com\/cr\/wp-json\/wp\/v2\/pages"}],"about":[{"href":"https:\/\/boyala.com\/cr\/wp-json\/wp\/v2\/types\/page"}],"author":[{"embeddable":true,"href":"https:\/\/boyala.com\/cr\/wp-json\/wp\/v2\/users\/2"}],"replies":[{"embeddable":true,"href":"https:\/\/boyala.com\/cr\/wp-json\/wp\/v2\/comments?post=326"}],"version-history":[{"count":50,"href":"https:\/\/boyala.com\/cr\/wp-json\/wp\/v2\/pages\/326\/revisions"}],"predecessor-version":[{"id":1490,"href":"https:\/\/boyala.com\/cr\/wp-json\/wp\/v2\/pages\/326\/revisions\/1490"}],"wp:featuredmedia":[{"embeddable":true,"href":"https:\/\/boyala.com\/cr\/wp-json\/"}],"wp:attachment":[{"href":"https:\/\/boyala.com\/cr\/wp-json\/wp\/v2\/media?parent=326"}],"curies":[{"name":"wp","href":"https:\/\/api.w.org\/{rel}","templated":true}]}}