{"id":1068,"date":"2026-01-13T15:59:30","date_gmt":"2026-01-13T14:59:30","guid":{"rendered":"https:\/\/boyala.com\/?page_id=1068"},"modified":"2026-01-19T18:14:37","modified_gmt":"2026-01-19T17:14:37","slug":"produccion-y-manufactura","status":"publish","type":"page","link":"https:\/\/boyala.com\/pa\/soluciones\/por-industria\/produccion-y-manufactura\/","title":{"rendered":"Producci\u00f3n y Manufactura"},"content":{"rendered":"\t\t<div data-elementor-type=\"wp-page\" data-elementor-id=\"1068\" class=\"elementor elementor-1068\" data-elementor-post-type=\"page\">\n\t\t\t\t<div class=\"elementor-element elementor-element-2fd0262 e-con-full e-flex e-con e-parent\" data-id=\"2fd0262\" data-element_type=\"container\" data-e-type=\"container\" data-settings=\"{&quot;background_background&quot;:&quot;gradient&quot;}\">\n\t\t\t\t<div class=\"elementor-element elementor-element-cb35913 elementor-widget elementor-widget-heading\" data-id=\"cb35913\" data-element_type=\"widget\" data-e-type=\"widget\" data-widget_type=\"heading.default\">\n\t\t\t\t\t<h2 class=\"elementor-heading-title elementor-size-default\">Producci\u00f3n y Manufactura<\/h2>\t\t\t\t<\/div>\n\t\t\t\t<\/div>\n\t\t\t\t<section class=\"elementor-section elementor-top-section elementor-element elementor-element-17f9f3c elementor-section-stretched elementor-section-full_width elementor-section-height-default elementor-section-height-default\" data-id=\"17f9f3c\" data-element_type=\"section\" data-e-type=\"section\" data-settings=\"{&quot;stretch_section&quot;:&quot;section-stretched&quot;}\">\n\t\t\t\t\t\t<div class=\"elementor-container elementor-column-gap-wider\">\n\t\t\t\t\t<div class=\"elementor-column elementor-col-100 elementor-top-column elementor-element elementor-element-f85a9ed\" data-id=\"f85a9ed\" data-element_type=\"column\" data-e-type=\"column\">\n\t\t\t<div class=\"elementor-widget-wrap elementor-element-populated\">\n\t\t\t\t\t\t<section class=\"elementor-section elementor-inner-section elementor-element elementor-element-5c71a36 elementor-section-content-middle elementor-section-full_width elementor-section-height-default elementor-section-height-default\" data-id=\"5c71a36\" data-element_type=\"section\" data-e-type=\"section\">\n\t\t\t\t\t\t<div class=\"elementor-container elementor-column-gap-default\">\n\t\t\t\t\t<div class=\"elementor-column elementor-col-50 elementor-inner-column elementor-element elementor-element-b1cbe02\" data-id=\"b1cbe02\" data-element_type=\"column\" data-e-type=\"column\">\n\t\t\t<div class=\"elementor-widget-wrap elementor-element-populated\">\n\t\t\t\t\t\t<div class=\"elementor-element elementor-element-edde644 elementor-widget elementor-widget-heading\" data-id=\"edde644\" data-element_type=\"widget\" data-e-type=\"widget\" data-widget_type=\"heading.default\">\n\t\t\t\t\t<h2 class=\"elementor-heading-title elementor-size-default\">Control total de la operaci\u00f3n, costos y eficiencia productiva<\/h2>\t\t\t\t<\/div>\n\t\t\t\t<div class=\"elementor-element elementor-element-440906c elementor-widget elementor-widget-text-editor\" data-id=\"440906c\" data-element_type=\"widget\" data-e-type=\"widget\" data-widget_type=\"text-editor.default\">\n\t\t\t\t\t\t\t\t\t<p>Las empresas de producci\u00f3n y manufactura necesitan visibilidad en tiempo real de sus procesos, control de costos, trazabilidad de materiales y una integraci\u00f3n total entre inventarios, producci\u00f3n, finanzas y ventas.<\/p><p>Boyala implementa SAP Business One como el n\u00facleo del ERP para producci\u00f3n, complementado con anal\u00edtica avanzada en Power BI.<\/p>\t\t\t\t\t\t\t\t<\/div>\n\t\t\t\t\t<\/div>\n\t\t<\/div>\n\t\t\t\t<div class=\"elementor-column elementor-col-50 elementor-inner-column elementor-element elementor-element-d0f3abd\" data-id=\"d0f3abd\" data-element_type=\"column\" data-e-type=\"column\">\n\t\t\t<div class=\"elementor-widget-wrap elementor-element-populated\">\n\t\t\t\t\t\t<div class=\"elementor-element elementor-element-c656801 elementor-widget elementor-widget-image\" data-id=\"c656801\" data-element_type=\"widget\" data-e-type=\"widget\" data-widget_type=\"image.default\">\n\t\t\t\t\t\t\t\t\t\t\t\t\t\t\t<img fetchpriority=\"high\" decoding=\"async\" width=\"640\" height=\"427\" src=\"https:\/\/boyala.com\/pa\/wp-content\/uploads\/sites\/4\/2026\/01\/Produccion-y-Manufactura.jpg\" class=\"attachment-large size-large wp-image-1074\" alt=\"\" srcset=\"https:\/\/boyala.com\/pa\/wp-content\/uploads\/sites\/4\/2026\/01\/Produccion-y-Manufactura.jpg 640w, https:\/\/boyala.com\/pa\/wp-content\/uploads\/sites\/4\/2026\/01\/Produccion-y-Manufactura-300x200.jpg 300w, https:\/\/boyala.com\/pa\/wp-content\/uploads\/sites\/4\/2026\/01\/Produccion-y-Manufactura-112x75.jpg 112w, https:\/\/boyala.com\/pa\/wp-content\/uploads\/sites\/4\/2026\/01\/Produccion-y-Manufactura-480x320.jpg 480w\" sizes=\"(max-width:767px) 480px, 640px\" \/>\t\t\t\t\t\t\t\t\t\t\t\t\t\t\t<\/div>\n\t\t\t\t\t<\/div>\n\t\t<\/div>\n\t\t\t\t\t<\/div>\n\t\t<\/section>\n\t\t\t\t\t<\/div>\n\t\t<\/div>\n\t\t\t\t\t<\/div>\n\t\t<\/section>\n\t\t\t\t<section class=\"elementor-section elementor-top-section elementor-element elementor-element-3b1da1c elementor-section-stretched elementor-section-full_width elementor-section-height-default elementor-section-height-default\" data-id=\"3b1da1c\" data-element_type=\"section\" data-e-type=\"section\" data-settings=\"{&quot;stretch_section&quot;:&quot;section-stretched&quot;,&quot;background_background&quot;:&quot;classic&quot;}\">\n\t\t\t\t\t\t<div class=\"elementor-container elementor-column-gap-wider\">\n\t\t\t\t\t<div class=\"elementor-column elementor-col-100 elementor-top-column elementor-element elementor-element-caa0770\" data-id=\"caa0770\" data-element_type=\"column\" data-e-type=\"column\">\n\t\t\t<div class=\"elementor-widget-wrap elementor-element-populated\">\n\t\t\t\t<div class=\"elementor-element elementor-element-d82157b e-con-full e-flex e-con e-parent\" data-id=\"d82157b\" data-element_type=\"container\" data-e-type=\"container\">\n\t\t<div class=\"elementor-element elementor-element-04b12b3 e-con-full e-flex e-con e-child\" data-id=\"04b12b3\" data-element_type=\"container\" data-e-type=\"container\">\n\t\t\t\t<div class=\"elementor-element elementor-element-4649735 elementor-widget elementor-widget-heading\" data-id=\"4649735\" data-element_type=\"widget\" data-e-type=\"widget\" data-widget_type=\"heading.default\">\n\t\t\t\t\t<h2 class=\"elementor-heading-title elementor-size-default\">Capacidades clave para Producci\u00f3n y Manufactura<\/h2>\t\t\t\t<\/div>\n\t\t<div class=\"elementor-element elementor-element-e57e9c0 e-con-full e-flex e-con e-child\" data-id=\"e57e9c0\" data-element_type=\"container\" data-e-type=\"container\">\n\t\t<div class=\"elementor-element elementor-element-6232993 e-con-full e-flex e-con e-child\" data-id=\"6232993\" data-element_type=\"container\" data-e-type=\"container\">\n\t\t\t\t<div class=\"elementor-element elementor-element-cd5576e elementor-widget elementor-widget-heading\" data-id=\"cd5576e\" data-element_type=\"widget\" data-e-type=\"widget\" data-widget_type=\"heading.default\">\n\t\t\t\t\t<h2 class=\"elementor-heading-title elementor-size-default\">Planificaci\u00f3n y control de producci\u00f3n<\/h2>\t\t\t\t<\/div>\n\t\t\t\t<div class=\"elementor-element elementor-element-069b94d elementor-widget elementor-widget-text-editor\" data-id=\"069b94d\" data-element_type=\"widget\" data-e-type=\"widget\" data-widget_type=\"text-editor.default\">\n\t\t\t\t\t\t\t\t\t<p><span style=\"color: #a726fa;\"><strong>\u2713<\/strong><\/span> \u00d3rdenes de producci\u00f3n integradas a inventario y compras.<\/p><p><span style=\"color: #a726fa;\"><strong>\u2713<\/strong><\/span> Planificaci\u00f3n de materiales (MRP) basada en demanda real y proyecciones.<\/p><p><span style=\"color: #a726fa;\"><strong>\u2713<\/strong><\/span> Control de consumos reales vs planificados.<\/p><p><span style=\"color: #a726fa;\"><strong>\u2713<\/strong><\/span> Gesti\u00f3n de productos terminados, semielaborados y materias primas.<\/p>\t\t\t\t\t\t\t\t<\/div>\n\t\t\t\t<\/div>\n\t\t<div class=\"elementor-element elementor-element-97cc9d5 e-con-full e-flex e-con e-child\" data-id=\"97cc9d5\" data-element_type=\"container\" data-e-type=\"container\">\n\t\t\t\t<div class=\"elementor-element elementor-element-e11a750 elementor-widget elementor-widget-heading\" data-id=\"e11a750\" data-element_type=\"widget\" data-e-type=\"widget\" data-widget_type=\"heading.default\">\n\t\t\t\t\t<h2 class=\"elementor-heading-title elementor-size-default\">Costeo y rentabilidad<\/h2>\t\t\t\t<\/div>\n\t\t\t\t<div class=\"elementor-element elementor-element-1c2d3ce elementor-widget elementor-widget-text-editor\" data-id=\"1c2d3ce\" data-element_type=\"widget\" data-e-type=\"widget\" data-widget_type=\"text-editor.default\">\n\t\t\t\t\t\t\t\t\t<p><span style=\"color: #a726fa;\"><strong>\u2713 <\/strong><\/span>Costeo est\u00e1ndar, real y por \u00f3rdenes de producci\u00f3n.<\/p><p><span style=\"color: #a726fa;\"><strong>\u2713 <\/strong><\/span>Identificaci\u00f3n de variaciones de costo.<\/p><p><span style=\"color: #a726fa;\"><strong>\u2713 <\/strong><\/span>An\u00e1lisis de rentabilidad por producto, l\u00ednea o proceso.<\/p><p><span style=\"color: #a726fa;\"><strong>\u2713 <\/strong><\/span> Integraci\u00f3n directa con contabilidad y finanzas.<\/p>\t\t\t\t\t\t\t\t<\/div>\n\t\t\t\t<\/div>\n\t\t<div class=\"elementor-element elementor-element-f86b373 e-con-full e-flex e-con e-child\" data-id=\"f86b373\" data-element_type=\"container\" data-e-type=\"container\">\n\t\t\t\t<div class=\"elementor-element elementor-element-ae8f6ab elementor-widget elementor-widget-heading\" data-id=\"ae8f6ab\" data-element_type=\"widget\" data-e-type=\"widget\" data-widget_type=\"heading.default\">\n\t\t\t\t\t<h2 class=\"elementor-heading-title elementor-size-default\">Inventarios, lotes y trazabilidad<\/h2>\t\t\t\t<\/div>\n\t\t\t\t<div class=\"elementor-element elementor-element-addfe52 elementor-widget elementor-widget-text-editor\" data-id=\"addfe52\" data-element_type=\"widget\" data-e-type=\"widget\" data-widget_type=\"text-editor.default\">\n\t\t\t\t\t\t\t\t\t<p><span style=\"color: #a726fa;\"><strong>\u2713 <\/strong><\/span>Manejo de inventarios en tiempo real.<\/p><p><span style=\"color: #a726fa;\"><strong>\u2713 <\/strong><\/span>Control por lotes, series y fechas de vencimiento.<\/p><p><span style=\"color: #a726fa;\"><strong>\u2713 <\/strong><\/span>Trazabilidad completa desde materia prima hasta producto terminado.<\/p><p><span style=\"color: #a726fa;\"><strong>\u2713 <\/strong><\/span>Manejo de ubicaciones (bins).<\/p>\t\t\t\t\t\t\t\t<\/div>\n\t\t\t\t<\/div>\n\t\t<div class=\"elementor-element elementor-element-c5a91e3 e-con-full e-flex e-con e-child\" data-id=\"c5a91e3\" data-element_type=\"container\" data-e-type=\"container\">\n\t\t\t\t<div class=\"elementor-element elementor-element-2455b5c elementor-widget elementor-widget-heading\" data-id=\"2455b5c\" data-element_type=\"widget\" data-e-type=\"widget\" data-widget_type=\"heading.default\">\n\t\t\t\t\t<h2 class=\"elementor-heading-title elementor-size-default\">Control operativo de planta<\/h2>\t\t\t\t<\/div>\n\t\t\t\t<div class=\"elementor-element elementor-element-30be8fb elementor-widget elementor-widget-text-editor\" data-id=\"30be8fb\" data-element_type=\"widget\" data-e-type=\"widget\" data-widget_type=\"text-editor.default\">\n\t\t\t\t\t\t\t\t\t<p><span style=\"color: #a726fa;\"><strong>\u2713 <\/strong><\/span>Registro de consumos y producci\u00f3n.<\/p><p><span style=\"color: #a726fa;\"><strong>\u2713 <\/strong><\/span>Control de tiempos y eficiencia.<\/p><p><span style=\"color: #a726fa;\"><strong>\u2713 <\/strong><\/span>Identificaci\u00f3n de mermas y reprocesos.<\/p>\t\t\t\t\t\t\t\t<\/div>\n\t\t\t\t<\/div>\n\t\t\t\t<\/div>\n\t\t<div class=\"elementor-element elementor-element-280eb64 e-con-full e-flex e-con e-child\" data-id=\"280eb64\" data-element_type=\"container\" data-e-type=\"container\">\n\t\t<div class=\"elementor-element elementor-element-b6f7d80 e-con-full e-flex e-con e-child\" data-id=\"b6f7d80\" data-element_type=\"container\" data-e-type=\"container\">\n\t\t\t\t<\/div>\n\t\t<div class=\"elementor-element elementor-element-680759d e-con-full e-flex e-con e-child\" data-id=\"680759d\" data-element_type=\"container\" data-e-type=\"container\">\n\t\t\t\t<div class=\"elementor-element elementor-element-a717d39 elementor-widget elementor-widget-heading\" data-id=\"a717d39\" data-element_type=\"widget\" data-e-type=\"widget\" data-widget_type=\"heading.default\">\n\t\t\t\t\t<h2 class=\"elementor-heading-title elementor-size-default\">Anal\u00edtica y KPIs industriales en POWER BI<\/h2>\t\t\t\t<\/div>\n\t\t\t\t<div class=\"elementor-element elementor-element-2ec96d4 elementor-widget elementor-widget-text-editor\" data-id=\"2ec96d4\" data-element_type=\"widget\" data-e-type=\"widget\" data-widget_type=\"text-editor.default\">\n\t\t\t\t\t\t\t\t\t<p><span style=\"color: #a726fa;\"><strong>\u2713 <\/strong><\/span>Eficiencia y rendimiento productivo.<\/p><p><span style=\"color: #a726fa;\"><strong>\u2713 <\/strong><\/span>Costos reales vs planificados.<\/p><p><span style=\"color: #a726fa;\"><strong>\u2713 <\/strong><\/span>Cumplimiento de \u00f3rdenes.<\/p><p><span style=\"color: #a726fa;\"><strong>\u2713 <\/strong><\/span>Dashboards ejecutivos industriales.<\/p>\t\t\t\t\t\t\t\t<\/div>\n\t\t\t\t<\/div>\n\t\t<div class=\"elementor-element elementor-element-b7bac45 e-con-full e-flex e-con e-child\" data-id=\"b7bac45\" data-element_type=\"container\" data-e-type=\"container\">\n\t\t\t\t<div class=\"elementor-element elementor-element-2bc3ccf elementor-widget elementor-widget-heading\" data-id=\"2bc3ccf\" data-element_type=\"widget\" data-e-type=\"widget\" data-widget_type=\"heading.default\">\n\t\t\t\t\t<h2 class=\"elementor-heading-title elementor-size-default\">Beneficios para la industria<\/h2>\t\t\t\t<\/div>\n\t\t\t\t<div class=\"elementor-element elementor-element-173e726 elementor-widget elementor-widget-text-editor\" data-id=\"173e726\" data-element_type=\"widget\" data-e-type=\"widget\" data-widget_type=\"text-editor.default\">\n\t\t\t\t\t\t\t\t\t<p><span style=\"color: #a726fa;\"><strong>\u2713 <\/strong><\/span>Mayor control de costos.<\/p><p><span style=\"color: #a726fa;\"><strong>\u2713 <\/strong><\/span>Reducci\u00f3n de desperdicios.<\/p><p><span style=\"color: #a726fa;\"><strong>\u2713 <\/strong><\/span>Mejor planificaci\u00f3n.<\/p><p><span style=\"color: #a726fa;\"><strong>\u2713 <\/strong><\/span>Informaci\u00f3n confiable.<\/p>\t\t\t\t\t\t\t\t<\/div>\n\t\t\t\t<\/div>\n\t\t<div class=\"elementor-element elementor-element-e0102bc e-con-full e-flex e-con e-child\" data-id=\"e0102bc\" data-element_type=\"container\" data-e-type=\"container\">\n\t\t\t\t<div class=\"elementor-element elementor-element-f5283ce elementor-widget elementor-widget-heading\" data-id=\"f5283ce\" data-element_type=\"widget\" data-e-type=\"widget\" data-widget_type=\"heading.default\">\n\t\t\t\t\t<h2 class=\"elementor-heading-title elementor-size-default\">Casos de uso<\/h2>\t\t\t\t<\/div>\n\t\t\t\t<div class=\"elementor-element elementor-element-b73bc33 elementor-widget elementor-widget-text-editor\" data-id=\"b73bc33\" data-element_type=\"widget\" data-e-type=\"widget\" data-widget_type=\"text-editor.default\">\n\t\t\t\t\t\t\t\t\t<p><span style=\"color: #a726fa;\"><strong>\u2713 <\/strong><\/span>Manufactura.<\/p><p><span style=\"color: #a726fa;\"><strong>\u2713 <\/strong><\/span>Producci\u00f3n.<\/p><p><span style=\"color: #a726fa;\"><strong>\u2713 <\/strong><\/span>Alimentos y bebidas.<\/p><p><span style=\"color: #a726fa;\"><strong>\u2713 <\/strong><\/span>Ensamblaje.<\/p>\t\t\t\t\t\t\t\t<\/div>\n\t\t\t\t<\/div>\n\t\t<div class=\"elementor-element elementor-element-550ecc0 e-con-full e-flex e-con e-child\" data-id=\"550ecc0\" data-element_type=\"container\" data-e-type=\"container\">\n\t\t\t\t<\/div>\n\t\t\t\t<\/div>\n\t\t\t\t<\/div>\n\t\t\t\t<\/div>\n\t\t\t\t\t<\/div>\n\t\t<\/div>\n\t\t\t\t\t<\/div>\n\t\t<\/section>\n\t\t\t\t<section class=\"elementor-section elementor-top-section elementor-element elementor-element-f9e1aeb elementor-section-stretched elementor-section-full_width elementor-section-height-default elementor-section-height-default\" data-id=\"f9e1aeb\" data-element_type=\"section\" data-e-type=\"section\" data-settings=\"{&quot;stretch_section&quot;:&quot;section-stretched&quot;,&quot;background_background&quot;:&quot;classic&quot;}\">\n\t\t\t\t\t\t<div class=\"elementor-container elementor-column-gap-wider\">\n\t\t\t\t\t<div class=\"elementor-column elementor-col-100 elementor-top-column elementor-element elementor-element-404110c\" data-id=\"404110c\" data-element_type=\"column\" data-e-type=\"column\">\n\t\t\t<div class=\"elementor-widget-wrap elementor-element-populated\">\n\t\t\t\t\t\t<section class=\"elementor-section elementor-inner-section elementor-element elementor-element-2e969f2 elementor-section-content-middle elementor-section-full_width elementor-section-height-default elementor-section-height-default\" data-id=\"2e969f2\" data-element_type=\"section\" data-e-type=\"section\">\n\t\t\t\t\t\t<div class=\"elementor-container elementor-column-gap-default\">\n\t\t\t\t\t<div class=\"elementor-column elementor-col-50 elementor-inner-column elementor-element elementor-element-5a5e3e6\" data-id=\"5a5e3e6\" data-element_type=\"column\" data-e-type=\"column\">\n\t\t\t<div class=\"elementor-widget-wrap elementor-element-populated\">\n\t\t\t\t\t\t<div class=\"elementor-element elementor-element-06dbeae elementor-widget__width-initial elementor-widget elementor-widget-heading\" data-id=\"06dbeae\" data-element_type=\"widget\" data-e-type=\"widget\" data-widget_type=\"heading.default\">\n\t\t\t\t\t<h2 class=\"elementor-heading-title elementor-size-default\">Cont\u00e1ctenos para conocer m\u00e1s<\/h2>\t\t\t\t<\/div>\n\t\t\t\t<div class=\"elementor-element elementor-element-18e801f elementor-widget elementor-widget-image\" data-id=\"18e801f\" data-element_type=\"widget\" data-e-type=\"widget\" data-widget_type=\"image.default\">\n\t\t\t\t\t\t\t\t\t\t\t\t\t\t\t<img decoding=\"async\" width=\"1024\" height=\"136\" src=\"https:\/\/boyala.com\/pa\/wp-content\/uploads\/sites\/4\/2026\/01\/SAP_BusinessOne_R_grad_blu-scaled-1-1024x136.png\" class=\"attachment-large size-large wp-image-1221\" alt=\"\" srcset=\"https:\/\/boyala.com\/pa\/wp-content\/uploads\/sites\/4\/2026\/01\/SAP_BusinessOne_R_grad_blu-scaled-1-1024x136.png 1024w, https:\/\/boyala.com\/pa\/wp-content\/uploads\/sites\/4\/2026\/01\/SAP_BusinessOne_R_grad_blu-scaled-1-300x40.png 300w, https:\/\/boyala.com\/pa\/wp-content\/uploads\/sites\/4\/2026\/01\/SAP_BusinessOne_R_grad_blu-scaled-1-768x102.png 768w, https:\/\/boyala.com\/pa\/wp-content\/uploads\/sites\/4\/2026\/01\/SAP_BusinessOne_R_grad_blu-scaled-1-1536x205.png 1536w, https:\/\/boyala.com\/pa\/wp-content\/uploads\/sites\/4\/2026\/01\/SAP_BusinessOne_R_grad_blu-scaled-1-2048x273.png 2048w, https:\/\/boyala.com\/pa\/wp-content\/uploads\/sites\/4\/2026\/01\/SAP_BusinessOne_R_grad_blu-scaled-1-150x20.png 150w, https:\/\/boyala.com\/pa\/wp-content\/uploads\/sites\/4\/2026\/01\/SAP_BusinessOne_R_grad_blu-scaled-1-480x64.png 480w\" sizes=\"(max-width:767px) 480px, (max-width:1024px) 100vw, 1024px\" \/>\t\t\t\t\t\t\t\t\t\t\t\t\t\t\t<\/div>\n\t\t\t\t<div class=\"elementor-element elementor-element-c33d833 elementor-widget elementor-widget-text-editor\" data-id=\"c33d833\" data-element_type=\"widget\" data-e-type=\"widget\" data-widget_type=\"text-editor.default\">\n\t\t\t\t\t\t\t\t\t<p>Estamos atentos a cualquier inquietud y requerimiento, estamos para ayudarlo.<\/p><p>Cont\u00e1ctenos llenando el formulario.<\/p>\t\t\t\t\t\t\t\t<\/div>\n\t\t\t\t\t<\/div>\n\t\t<\/div>\n\t\t\t\t<div class=\"elementor-column elementor-col-50 elementor-inner-column elementor-element elementor-element-7986357\" data-id=\"7986357\" data-element_type=\"column\" data-e-type=\"column\">\n\t\t\t<div class=\"elementor-widget-wrap elementor-element-populated\">\n\t\t\t\t\t\t<div class=\"elementor-element elementor-element-231cab3 elementor-widget elementor-widget-html\" data-id=\"231cab3\" data-element_type=\"widget\" data-e-type=\"widget\" data-widget_type=\"html.default\">\n\t\t\t\t\t<script charset=\"utf-8\" type=\"text\/javascript\" src=\"\/\/js.hsforms.net\/forms\/embed\/v2.js\"><\/script>\r\n\r\n<script>\r\n\r\nhbspt.forms.create({\r\n\r\nregion: \"na1\",\r\n\r\nportalId: \"46339531\",\r\n\r\nformId: \"5679ae35-7ff1-41b8-889a-4fda66131255\"\r\n\r\n});\r\n\r\n<\/script>\t\t\t\t<\/div>\n\t\t\t\t\t<\/div>\n\t\t<\/div>\n\t\t\t\t\t<\/div>\n\t\t<\/section>\n\t\t\t\t\t<\/div>\n\t\t<\/div>\n\t\t\t\t\t<\/div>\n\t\t<\/section>\n\t\t\t\t<\/div>\n\t\t","protected":false},"excerpt":{"rendered":"<p>Producci\u00f3n y Manufactura Control total de la operaci\u00f3n, costos y eficiencia productiva Las empresas de producci\u00f3n y manufactura necesitan visibilidad en tiempo real de sus procesos,<span class=\"excerpt-hellip\"> [\u2026]<\/span><\/p>\n","protected":false},"author":1,"featured_media":-1,"parent":556,"menu_order":0,"comment_status":"closed","ping_status":"closed","template":"elementor_header_footer","meta":{"footnotes":""},"class_list":["post-1068","page","type-page","status-publish","has-post-thumbnail","hentry"],"_links":{"self":[{"href":"https:\/\/boyala.com\/pa\/wp-json\/wp\/v2\/pages\/1068","targetHints":{"allow":["GET"]}}],"collection":[{"href":"https:\/\/boyala.com\/pa\/wp-json\/wp\/v2\/pages"}],"about":[{"href":"https:\/\/boyala.com\/pa\/wp-json\/wp\/v2\/types\/page"}],"author":[{"embeddable":true,"href":"https:\/\/boyala.com\/pa\/wp-json\/wp\/v2\/users\/1"}],"replies":[{"embeddable":true,"href":"https:\/\/boyala.com\/pa\/wp-json\/wp\/v2\/comments?post=1068"}],"version-history":[{"count":1,"href":"https:\/\/boyala.com\/pa\/wp-json\/wp\/v2\/pages\/1068\/revisions"}],"predecessor-version":[{"id":1360,"href":"https:\/\/boyala.com\/pa\/wp-json\/wp\/v2\/pages\/1068\/revisions\/1360"}],"up":[{"embeddable":true,"href":"https:\/\/boyala.com\/pa\/wp-json\/wp\/v2\/pages\/556"}],"wp:featuredmedia":[{"embeddable":true,"href":"https:\/\/boyala.com\/pa\/wp-json\/"}],"wp:attachment":[{"href":"https:\/\/boyala.com\/pa\/wp-json\/wp\/v2\/media?parent=1068"}],"curies":[{"name":"wp","href":"https:\/\/api.w.org\/{rel}","templated":true}]}}