{"id":273,"date":"2025-12-25T21:19:05","date_gmt":"2025-12-25T20:19:05","guid":{"rendered":"https:\/\/boyala.com\/?page_id=273"},"modified":"2026-01-19T18:14:36","modified_gmt":"2026-01-19T17:14:36","slug":"contacto","status":"publish","type":"page","link":"https:\/\/boyala.com\/pa\/contacto\/","title":{"rendered":"Contacto"},"content":{"rendered":"\t\t<div data-elementor-type=\"wp-page\" data-elementor-id=\"273\" class=\"elementor elementor-273\" data-elementor-post-type=\"page\">\n\t\t\t\t<div class=\"elementor-element elementor-element-fac0c2a e-con-full e-flex e-con e-parent\" data-id=\"fac0c2a\" data-element_type=\"container\" data-e-type=\"container\" data-settings=\"{&quot;background_background&quot;:&quot;gradient&quot;}\">\n\t\t\t\t<div class=\"elementor-element elementor-element-5405206 elementor-widget elementor-widget-heading\" data-id=\"5405206\" data-element_type=\"widget\" data-e-type=\"widget\" data-widget_type=\"heading.default\">\n\t\t\t\t\t<h2 class=\"elementor-heading-title elementor-size-default\">Contacto<\/h2>\t\t\t\t<\/div>\n\t\t\t\t<\/div>\n\t\t<div class=\"elementor-element elementor-element-a7c4c63 e-con-full e-flex e-con e-parent\" data-id=\"a7c4c63\" data-element_type=\"container\" data-e-type=\"container\">\n\t\t<div class=\"elementor-element elementor-element-93d71b1 e-con-full e-flex e-con e-child\" data-id=\"93d71b1\" data-element_type=\"container\" data-e-type=\"container\">\n\t\t\t\t<div class=\"elementor-element elementor-element-a310d77 elementor-widget elementor-widget-text-editor\" data-id=\"a310d77\" data-element_type=\"widget\" data-e-type=\"widget\" data-widget_type=\"text-editor.default\">\n\t\t\t\t\t\t\t\t\t<p>Estamos para ayudarle a encontrar soluciones innovadoras para la administraci\u00f3n de su negocio, resolver dudas y optimizar procesos clave de su empresa. Contamos con tecnolog\u00edas que permiten proteger y gestionar su informaci\u00f3n en la nube, asegurando la continuidad operativa. Somos <strong data-start=\"444\" data-end=\"501\">Partners Certificados de SAP Business One para Panam\u00e1<\/strong>, brindando apoyo en migraci\u00f3n, capacitaciones y entrenamiento. Tambi\u00e9n ayudamos a implementar herramientas de Inteligencia de Negocios como <strong data-start=\"642\" data-end=\"677\">Power BI de Microsoft en Panam\u00e1<\/strong>, as\u00ed como soluciones de CRM, contabilidad, inventario, compras, ventas y reportes automatizados. Permita que herramientas como <strong data-start=\"805\" data-end=\"825\">SAP Business One<\/strong> trabajen para usted, con precios accesibles para PYMES y empresas transnacionales.<\/p>\t\t\t\t\t\t\t\t<\/div>\n\t\t\t\t<\/div>\n\t\t<div class=\"elementor-element elementor-element-63f89fa e-con-full e-flex e-con e-child\" data-id=\"63f89fa\" data-element_type=\"container\" data-e-type=\"container\">\n\t\t\t\t<div class=\"elementor-element elementor-element-c9492fd elementor-widget elementor-widget-image\" data-id=\"c9492fd\" data-element_type=\"widget\" data-e-type=\"widget\" data-widget_type=\"image.default\">\n\t\t\t\t\t\t\t\t\t\t\t\t\t\t\t<img fetchpriority=\"high\" decoding=\"async\" width=\"407\" height=\"239\" src=\"https:\/\/boyala.com\/pa\/wp-content\/uploads\/sites\/4\/2025\/12\/SAP_Partner_R.png\" class=\"attachment-large size-large wp-image-283\" alt=\"\" srcset=\"https:\/\/boyala.com\/pa\/wp-content\/uploads\/sites\/4\/2025\/12\/SAP_Partner_R.png 407w, https:\/\/boyala.com\/pa\/wp-content\/uploads\/sites\/4\/2025\/12\/SAP_Partner_R-300x176.png 300w, https:\/\/boyala.com\/pa\/wp-content\/uploads\/sites\/4\/2025\/12\/SAP_Partner_R-128x75.png 128w\" sizes=\"(max-width:767px) 407px, 407px\" \/>\t\t\t\t\t\t\t\t\t\t\t\t\t\t\t<\/div>\n\t\t\t\t<\/div>\n\t\t\t\t<\/div>\n\t\t<div class=\"elementor-element elementor-element-7c3699a e-con-full e-flex e-con e-parent\" data-id=\"7c3699a\" data-element_type=\"container\" data-e-type=\"container\" data-settings=\"{&quot;background_background&quot;:&quot;classic&quot;}\">\n\t\t<div class=\"elementor-element elementor-element-82ef334 e-con-full e-flex e-con e-child\" data-id=\"82ef334\" data-element_type=\"container\" data-e-type=\"container\">\n\t\t\t\t<div class=\"elementor-element elementor-element-c90932b elementor-widget elementor-widget-text-editor\" data-id=\"c90932b\" data-element_type=\"widget\" data-e-type=\"widget\" data-widget_type=\"text-editor.default\">\n\t\t\t\t\t\t\t\t\t<h3><span style=\"color: #190f2d;\">No dudes en contactarnos<\/span><\/h3>\t\t\t\t\t\t\t\t<\/div>\n\t\t\t\t<div class=\"elementor-element elementor-element-16c7cad elementor-icon-list--layout-traditional elementor-list-item-link-full_width elementor-widget elementor-widget-icon-list\" data-id=\"16c7cad\" data-element_type=\"widget\" data-e-type=\"widget\" data-widget_type=\"icon-list.default\">\n\t\t\t\t\t\t\t<ul class=\"elementor-icon-list-items\">\n\t\t\t\t\t\t\t<li class=\"elementor-icon-list-item\">\n\t\t\t\t\t\t\t\t\t\t\t<span class=\"elementor-icon-list-icon\">\n\t\t\t\t\t\t\t<svg aria-hidden=\"true\" class=\"e-font-icon-svg e-fas-mobile-alt\" viewBox=\"0 0 320 512\" xmlns=\"http:\/\/www.w3.org\/2000\/svg\"><path d=\"M272 0H48C21.5 0 0 21.5 0 48v416c0 26.5 21.5 48 48 48h224c26.5 0 48-21.5 48-48V48c0-26.5-21.5-48-48-48zM160 480c-17.7 0-32-14.3-32-32s14.3-32 32-32 32 14.3 32 32-14.3 32-32 32zm112-108c0 6.6-5.4 12-12 12H60c-6.6 0-12-5.4-12-12V60c0-6.6 5.4-12 12-12h200c6.6 0 12 5.4 12 12v312z\"><\/path><\/svg>\t\t\t\t\t\t<\/span>\n\t\t\t\t\t\t\t\t\t\t<span class=\"elementor-icon-list-text\">+507 202 1973<\/span>\n\t\t\t\t\t\t\t\t\t<\/li>\n\t\t\t\t\t\t\t\t<li class=\"elementor-icon-list-item\">\n\t\t\t\t\t\t\t\t\t\t\t<span class=\"elementor-icon-list-icon\">\n\t\t\t\t\t\t\t<svg aria-hidden=\"true\" class=\"e-font-icon-svg e-far-envelope\" viewBox=\"0 0 512 512\" xmlns=\"http:\/\/www.w3.org\/2000\/svg\"><path d=\"M464 64H48C21.49 64 0 85.49 0 112v288c0 26.51 21.49 48 48 48h416c26.51 0 48-21.49 48-48V112c0-26.51-21.49-48-48-48zm0 48v40.805c-22.422 18.259-58.168 46.651-134.587 106.49-16.841 13.247-50.201 45.072-73.413 44.701-23.208.375-56.579-31.459-73.413-44.701C106.18 199.465 70.425 171.067 48 152.805V112h416zM48 400V214.398c22.914 18.251 55.409 43.862 104.938 82.646 21.857 17.205 60.134 55.186 103.062 54.955 42.717.231 80.509-37.199 103.053-54.947 49.528-38.783 82.032-64.401 104.947-82.653V400H48z\"><\/path><\/svg>\t\t\t\t\t\t<\/span>\n\t\t\t\t\t\t\t\t\t\t<span class=\"elementor-icon-list-text\">rguerra@boyala.com<\/span>\n\t\t\t\t\t\t\t\t\t<\/li>\n\t\t\t\t\t\t<\/ul>\n\t\t\t\t\t\t<\/div>\n\t\t\t\t<div class=\"elementor-element elementor-element-fb787cb elementor-widget-divider--view-line elementor-widget elementor-widget-divider\" data-id=\"fb787cb\" data-element_type=\"widget\" data-e-type=\"widget\" data-widget_type=\"divider.default\">\n\t\t\t\t\t\t\t<div class=\"elementor-divider\">\n\t\t\t<span class=\"elementor-divider-separator\">\n\t\t\t\t\t\t<\/span>\n\t\t<\/div>\n\t\t\t\t\t\t<\/div>\n\t\t\t\t<div class=\"elementor-element elementor-element-5a4384b elementor-widget elementor-widget-text-editor\" data-id=\"5a4384b\" data-element_type=\"widget\" data-e-type=\"widget\" data-widget_type=\"text-editor.default\">\n\t\t\t\t\t\t\t\t\t<h5 class=\"themecolor\"><span style=\"color: #ec1e79;\">Ubicaci\u00f3n<\/span><\/h5><h4><span style=\"color: #000000;\">C. 55 Este, Panam\u00e1, Provincia de Panam\u00e1, Panama<\/span><\/h4>\t\t\t\t\t\t\t\t<\/div>\n\t\t\t\t<div class=\"elementor-element elementor-element-3be8977 elementor-widget-divider--view-line elementor-widget elementor-widget-divider\" data-id=\"3be8977\" data-element_type=\"widget\" data-e-type=\"widget\" data-widget_type=\"divider.default\">\n\t\t\t\t\t\t\t<div class=\"elementor-divider\">\n\t\t\t<span class=\"elementor-divider-separator\">\n\t\t\t\t\t\t<\/span>\n\t\t<\/div>\n\t\t\t\t\t\t<\/div>\n\t\t\t\t<div class=\"elementor-element elementor-element-7a6530d elementor-widget elementor-widget-text-editor\" data-id=\"7a6530d\" data-element_type=\"widget\" data-e-type=\"widget\" data-widget_type=\"text-editor.default\">\n\t\t\t\t\t\t\t\t\t<p>Estamos para ayudarte en el siguiente horario:<br \/>Lunes \u2013 Viernes : 8 am \u2013 5 pm<\/p>\t\t\t\t\t\t\t\t<\/div>\n\t\t\t\t<\/div>\n\t\t<div class=\"elementor-element elementor-element-e1a01bb e-con-full e-flex e-con e-child\" data-id=\"e1a01bb\" data-element_type=\"container\" data-e-type=\"container\">\n\t\t\t\t<div class=\"elementor-element elementor-element-6fc363d elementor-widget elementor-widget-image\" data-id=\"6fc363d\" data-element_type=\"widget\" data-e-type=\"widget\" data-widget_type=\"image.default\">\n\t\t\t\t\t\t\t\t\t\t\t\t\t\t\t<img decoding=\"async\" width=\"780\" height=\"875\" src=\"https:\/\/boyala.com\/pa\/wp-content\/uploads\/sites\/4\/2020\/06\/erp2-contact-pic1.png\" class=\"attachment-large size-large wp-image-80\" alt=\"\" srcset=\"https:\/\/boyala.com\/pa\/wp-content\/uploads\/sites\/4\/2020\/06\/erp2-contact-pic1.png 780w, https:\/\/boyala.com\/pa\/wp-content\/uploads\/sites\/4\/2020\/06\/erp2-contact-pic1-267x300.png 267w, https:\/\/boyala.com\/pa\/wp-content\/uploads\/sites\/4\/2020\/06\/erp2-contact-pic1-768x862.png 768w, https:\/\/boyala.com\/pa\/wp-content\/uploads\/sites\/4\/2020\/06\/erp2-contact-pic1-67x75.png 67w, https:\/\/boyala.com\/pa\/wp-content\/uploads\/sites\/4\/2020\/06\/erp2-contact-pic1-480x538.png 480w\" sizes=\"(max-width:767px) 480px, (max-width:780px) 100vw, 780px\" \/>\t\t\t\t\t\t\t\t\t\t\t\t\t\t\t<\/div>\n\t\t\t\t<\/div>\n\t\t\t\t<\/div>\n\t\t<div class=\"elementor-element elementor-element-db3fc6f e-con-full e-flex e-con e-parent\" data-id=\"db3fc6f\" data-element_type=\"container\" data-e-type=\"container\" data-settings=\"{&quot;background_background&quot;:&quot;classic&quot;}\">\n\t\t<div class=\"elementor-element elementor-element-67abdce e-con-full e-flex e-con e-child\" data-id=\"67abdce\" data-element_type=\"container\" data-e-type=\"container\">\n\t\t\t\t<div class=\"elementor-element elementor-element-a17cda0 elementor-widget elementor-widget-google_maps\" data-id=\"a17cda0\" data-element_type=\"widget\" data-e-type=\"widget\" data-widget_type=\"google_maps.default\">\n\t\t\t\t\t\t\t<div class=\"elementor-custom-embed\">\n\t\t\t<iframe loading=\"lazy\"\n\t\t\t\t\tsrc=\"https:\/\/maps.google.com\/maps?q=Boyala%20panama&#038;t=m&#038;z=14&#038;output=embed&#038;iwloc=near\"\n\t\t\t\t\ttitle=\"Boyala panama\"\n\t\t\t\t\taria-label=\"Boyala panama\"\n\t\t\t><\/iframe>\n\t\t<\/div>\n\t\t\t\t\t\t<\/div>\n\t\t\t\t<\/div>\n\t\t<div class=\"elementor-element elementor-element-52d2583 e-con-full e-flex e-con e-child\" data-id=\"52d2583\" data-element_type=\"container\" data-e-type=\"container\">\n\t\t\t\t<div class=\"elementor-element elementor-element-cb89a17 elementor-widget elementor-widget-text-editor\" data-id=\"cb89a17\" data-element_type=\"widget\" data-e-type=\"widget\" data-widget_type=\"text-editor.default\">\n\t\t\t\t\t\t\t\t\t<h3><span style=\"color: #190f2d;\">Env\u00edanos un mensaje<\/span><\/h3>\t\t\t\t\t\t\t\t<\/div>\n\t\t\t\t<div class=\"elementor-element elementor-element-fc8e7d7 elementor-widget elementor-widget-html\" data-id=\"fc8e7d7\" data-element_type=\"widget\" data-e-type=\"widget\" data-widget_type=\"html.default\">\n\t\t\t\t\t<script charset=\"utf-8\" type=\"text\/javascript\" src=\"\/\/js.hsforms.net\/forms\/embed\/v2.js\"><\/script>\r\n\r\n<script>\r\n\r\nhbspt.forms.create({\r\n\r\nregion: \"na1\",\r\n\r\nportalId: \"46339531\",\r\n\r\nformId: \"5679ae35-7ff1-41b8-889a-4fda66131255\"\r\n\r\n});\r\n\r\n<\/script>\t\t\t\t<\/div>\n\t\t\t\t<\/div>\n\t\t\t\t<\/div>\n\t\t\t\t<\/div>\n\t\t","protected":false},"excerpt":{"rendered":"<p>Contacto Estamos para ayudarle a encontrar soluciones innovadoras para la administraci\u00f3n de su negocio, resolver dudas y optimizar procesos clave de su empresa. Contamos con tecnolog\u00edas<span class=\"excerpt-hellip\"> [\u2026]<\/span><\/p>\n","protected":false},"author":1,"featured_media":-1,"parent":0,"menu_order":0,"comment_status":"closed","ping_status":"closed","template":"elementor_header_footer","meta":{"footnotes":""},"class_list":["post-273","page","type-page","status-publish","has-post-thumbnail","hentry"],"_links":{"self":[{"href":"https:\/\/boyala.com\/pa\/wp-json\/wp\/v2\/pages\/273","targetHints":{"allow":["GET"]}}],"collection":[{"href":"https:\/\/boyala.com\/pa\/wp-json\/wp\/v2\/pages"}],"about":[{"href":"https:\/\/boyala.com\/pa\/wp-json\/wp\/v2\/types\/page"}],"author":[{"embeddable":true,"href":"https:\/\/boyala.com\/pa\/wp-json\/wp\/v2\/users\/1"}],"replies":[{"embeddable":true,"href":"https:\/\/boyala.com\/pa\/wp-json\/wp\/v2\/comments?post=273"}],"version-history":[{"count":1,"href":"https:\/\/boyala.com\/pa\/wp-json\/wp\/v2\/pages\/273\/revisions"}],"predecessor-version":[{"id":1337,"href":"https:\/\/boyala.com\/pa\/wp-json\/wp\/v2\/pages\/273\/revisions\/1337"}],"wp:featuredmedia":[{"embeddable":true,"href":"https:\/\/boyala.com\/pa\/wp-json\/"}],"wp:attachment":[{"href":"https:\/\/boyala.com\/pa\/wp-json\/wp\/v2\/media?parent=273"}],"curies":[{"name":"wp","href":"https:\/\/api.w.org\/{rel}","templated":true}]}}