{"id":627,"date":"2026-01-02T01:41:43","date_gmt":"2026-01-02T00:41:43","guid":{"rendered":"https:\/\/boyala.com\/?page_id=627"},"modified":"2026-01-19T18:59:18","modified_gmt":"2026-01-19T17:59:18","slug":"factura-electronica","status":"publish","type":"page","link":"https:\/\/boyala.com\/pa\/productos\/factura-electronica\/","title":{"rendered":"Factura Electr\u00f3nica"},"content":{"rendered":"\t\t<div data-elementor-type=\"wp-page\" data-elementor-id=\"627\" class=\"elementor elementor-627\" data-elementor-post-type=\"page\">\n\t\t\t\t<div class=\"elementor-element elementor-element-232cc5c e-con-full e-flex e-con e-parent\" data-id=\"232cc5c\" data-element_type=\"container\" data-e-type=\"container\" data-settings=\"{&quot;background_background&quot;:&quot;gradient&quot;}\">\n\t\t\t\t<div class=\"elementor-element elementor-element-a201995 elementor-widget elementor-widget-heading\" data-id=\"a201995\" data-element_type=\"widget\" data-e-type=\"widget\" data-widget_type=\"heading.default\">\n\t\t\t\t\t<h2 class=\"elementor-heading-title elementor-size-default\">Factura Electr\u00f3nica<\/h2>\t\t\t\t<\/div>\n\t\t\t\t<\/div>\n\t\t\t\t<section class=\"elementor-section elementor-top-section elementor-element elementor-element-3809b48 elementor-section-stretched elementor-section-full_width elementor-section-height-default elementor-section-height-default\" data-id=\"3809b48\" data-element_type=\"section\" data-e-type=\"section\" data-settings=\"{&quot;stretch_section&quot;:&quot;section-stretched&quot;}\">\n\t\t\t\t\t\t<div class=\"elementor-container elementor-column-gap-wider\">\n\t\t\t\t\t<div class=\"elementor-column elementor-col-100 elementor-top-column elementor-element elementor-element-688a175\" data-id=\"688a175\" data-element_type=\"column\" data-e-type=\"column\">\n\t\t\t<div class=\"elementor-widget-wrap elementor-element-populated\">\n\t\t\t\t\t\t<section class=\"elementor-section elementor-inner-section elementor-element elementor-element-813879a elementor-section-content-middle elementor-section-full_width elementor-section-height-default elementor-section-height-default\" data-id=\"813879a\" data-element_type=\"section\" data-e-type=\"section\">\n\t\t\t\t\t\t<div class=\"elementor-container elementor-column-gap-default\">\n\t\t\t\t\t<div class=\"elementor-column elementor-col-100 elementor-inner-column elementor-element elementor-element-3b75d7a\" data-id=\"3b75d7a\" data-element_type=\"column\" data-e-type=\"column\">\n\t\t\t<div class=\"elementor-widget-wrap elementor-element-populated\">\n\t\t\t\t\t\t<div class=\"elementor-element elementor-element-3c271e9 elementor-widget elementor-widget-text-editor\" data-id=\"3c271e9\" data-element_type=\"widget\" data-e-type=\"widget\" data-widget_type=\"text-editor.default\">\n\t\t\t\t\t\t\t\t\t<p>Seg\u00fan la Resoluci\u00f3n 201-6299 del 29 de julio del 2025 de la Direcci\u00f3n General de Ingresos (DGI), a partir del 1 de enero del 2026, todos los contribuyentes que emitan m\u00e1s de 100 facturas mensuales y tengan ingresos anuales brutos por m\u00e1s de B\/. 36,000 no podr\u00e1n utilizar el facturador grautito de la DGI y deber\u00e1n utilizar un Proveedor Autorizado Calificado.<\/p><p>Aquellos contribuyentes que deseen utilizar el facturador gratuito de la DGI, solo deben seguir los procedimientos publicados en su\u00a0<strong><a href=\"https:\/\/dgi.mef.gob.pa\/_7FacturaElectronica\/R-Emisorfe.php\" target=\"_blank\" rel=\"noopener\">p\u00e1gina<\/a><\/strong>\u00a0para poder habilitar su usuario. Aquellos que deseen integrar su sistema contable con la Facturaci\u00f3n Electr\u00f3nica, lo deber\u00e1n hacer a trav\u00e9s de los llamados PAC.<\/p><p>Por ende, si usted desea adoptar este m\u00e9todo de facturaci\u00f3n, puede iniciar su proceso de solicitud voluntaria de adopci\u00f3n de Facturaci\u00f3n Electr\u00f3nica siguiendo los pasos publicados en la\u00a0<strong><a href=\"https:\/\/dgi.mef.gob.pa\/_7FacturaElectronica\/R-Emisorfe.php\" target=\"_blank\" rel=\"noopener\">p\u00e1gina<\/a>\u00a0<\/strong>de la DGI. Tome en cuenta que estos tr\u00e1mites pueden tomar 1 a 2 meses seg\u00fan nuestra experiencia. Estos pasos se resumen en lo siguiente:<\/p><ol><li>Tramitar la autorizaci\u00f3n de la persona que retirar\u00e1 la Firma Electr\u00f3nica de la sociedad ante la Direcci\u00f3n de Firma Electr\u00f3nica del Registro P\u00fablico. Portal de\u00a0<strong><a href=\"https:\/\/etax2.mef.gob.pa\/etax2web\/Inicio.aspx\" target=\"_blank\" rel=\"noopener\">e-tax2<\/a>.<\/strong><\/li><li>Una vez completada la autorizaci\u00f3n, puede seguir las indicaciones del inciso D de la pagina Firma Electr\u00f3nica del Registro P\u00fablico para poder sacar su cita y retirarlo.\u00a0<strong><a href=\"https:\/\/www.firmaelectronica.gob.pa\/requisitos.html\" target=\"_blank\" rel=\"noopener\">Firma Electronica Panam\u00e1<\/a>.<\/strong><\/li><li>Tramitar la solicitud de adopci\u00f3n de Factura Electr\u00f3nica. Portal de\u00a0<strong><a href=\"https:\/\/etax2.mef.gob.pa\/etax2web\/Inicio.aspx\" target=\"_blank\" rel=\"noopener\">e-tax2<\/a><\/strong>.<\/li><li style=\"list-style-type: none;\">\u00a0<\/li><\/ol><p data-pm-slice=\"1 1 []\">Al solicitar la adopci\u00f3n de factura electr\u00f3nica, usted solicita la excepci\u00f3n del equipo fiscal y en teor\u00eda usted tiene un plazo para la integraci\u00f3n de su sistema con el sistema de Facturaci\u00f3n Electr\u00f3nica a trav\u00e9s del PAC. Los plazos van desde 90 d\u00edas para los que facturan menos de 1 mill\u00f3n, 120 d\u00edas para los que facturan entre 1 mill\u00f3n y 2.5 millones; y 150 d\u00edas para los que facturan m\u00e1s de 2.5 millones de Balboas. Estos d\u00edas empiezan a computarse a partir del 30 de julio del 2021 o una vez aprobada su solicitud del paso 2 si es despu\u00e9s de dicha fecha.<\/p><p>Es importante destacar la nueva Ley 256\u00a0<a href=\"https:\/\/www.gacetaoficial.gob.pa\/pdfTemp\/29424_B\/88647.pdf\" target=\"_blank\" rel=\"noopener\">(link: Gaceta Oficial Digital)<\/a>\u00a0del 26 de noviembre del 2021 donde se explican diferentes temas de la facturaci\u00f3n electr\u00f3nica. Importantes a rescatar es que, a partir del 30 de julio de 2022, se obliga a todas las entidades p\u00fablicas a recibir \u00fanicamente como documento v\u00e1lido para gestionar compras de bienes y servicios por parte del estado, factura electr\u00f3nica. De igual forma, a partir del 1 de enero de 2022, todo nuevo Registro \u00danico de Contribuyente deber\u00e1 utilizar como medio de facturaci\u00f3n el Sistema de Facturaci\u00f3n Electr\u00f3nica de Panam\u00e1.<\/p><p>Seg\u00fan el decreto 25 del 27 de junio de 2022, se establece la fecha de implementaci\u00f3n a partir del 2 de enero del 2023 para equipos fiscales o factura electr\u00f3nica para operaciones de bolsas de valores, servicios de transporte, actividades de arrendamiento de inmuebles bajo contratos notariados o inscritos en el MIVI, entre otros. Tambi\u00e9n establece la fecha de implementaci\u00f3n para actividades dentro de las zonas francas, Zona Libre de Colon, SEMs entre otras.<\/p><p>La plataforma del PAC ser\u00e1 la encargada de guardar todos los documentos electr\u00f3nicos emitidos y el contribuyente tendr\u00e1 acceso a ella. Los costos de los documentos electr\u00f3nicos depender\u00e1n del volumen mensual que usted procese. Si usted emite menos de 500 facturas al mes y factura menos de 1 mill\u00f3n de Balboas al a\u00f1o, puede optar por el uso del facturador gratuito.<\/p>\t\t\t\t\t\t\t\t<\/div>\n\t\t\t\t\t<\/div>\n\t\t<\/div>\n\t\t\t\t\t<\/div>\n\t\t<\/section>\n\t\t\t\t\t<\/div>\n\t\t<\/div>\n\t\t\t\t\t<\/div>\n\t\t<\/section>\n\t\t\t\t<section class=\"elementor-section elementor-top-section elementor-element elementor-element-5974ee0 elementor-section-stretched elementor-section-full_width elementor-section-height-default elementor-section-height-default\" data-id=\"5974ee0\" data-element_type=\"section\" data-e-type=\"section\" data-settings=\"{&quot;stretch_section&quot;:&quot;section-stretched&quot;,&quot;background_background&quot;:&quot;classic&quot;}\">\n\t\t\t\t\t\t<div class=\"elementor-container elementor-column-gap-wider\">\n\t\t\t\t\t<div class=\"elementor-column elementor-col-100 elementor-top-column elementor-element elementor-element-253c895\" data-id=\"253c895\" data-element_type=\"column\" data-e-type=\"column\">\n\t\t\t<div class=\"elementor-widget-wrap elementor-element-populated\">\n\t\t\t\t\t\t<section class=\"elementor-section elementor-inner-section elementor-element elementor-element-38e7be8 elementor-section-content-middle elementor-section-full_width elementor-section-height-default elementor-section-height-default\" data-id=\"38e7be8\" data-element_type=\"section\" data-e-type=\"section\">\n\t\t\t\t\t\t<div class=\"elementor-container elementor-column-gap-default\">\n\t\t\t\t\t<div class=\"elementor-column elementor-col-100 elementor-inner-column elementor-element elementor-element-307edab\" data-id=\"307edab\" data-element_type=\"column\" data-e-type=\"column\">\n\t\t\t<div class=\"elementor-widget-wrap elementor-element-populated\">\n\t\t\t\t\t\t<div class=\"elementor-element elementor-element-3f82590 elementor-widget elementor-widget-heading\" data-id=\"3f82590\" data-element_type=\"widget\" data-e-type=\"widget\" data-widget_type=\"heading.default\">\n\t\t\t\t\t<h2 class=\"elementor-heading-title elementor-size-default\">Nuestra Plataforma<\/h2>\t\t\t\t<\/div>\n\t\t\t\t<div class=\"elementor-element elementor-element-ddac958 elementor-widget elementor-widget-text-editor\" data-id=\"ddac958\" data-element_type=\"widget\" data-e-type=\"widget\" data-widget_type=\"text-editor.default\">\n\t\t\t\t\t\t\t\t\t<p>Boyala Panam\u00e1 ya se encuentra integrado y en producci\u00f3n con el\u00a0<strong><a href=\"http:\/\/webposonline.com\/\" target=\"_blank\" rel=\"noopener\">PAC WEBPOS<\/a><\/strong>. La plataforma de SAP al crear el documento, factura o nota de cr\u00e9dito por ejemplo, procesa el archivo XML y el servicio de factura electr\u00f3nica lo env\u00eda al PAC para su certificaci\u00f3n.<br \/>El PAC procesa la factura y si est\u00e1 correcta, la env\u00eda por correo electr\u00f3nico al cliente con una copia al emisor. El n\u00famero de la factura electr\u00f3nica (CUFE) es almacenado de vuelta en el monitor de documentos electr\u00f3nicos de SAP y en el campo de referencia del documento. Puede ver un video de demostraci\u00f3n de este proceso en este enlace:\u00a0<strong><a href=\"https:\/\/youtu.be\/ckFCm-lzwxk\" target=\"_blank\" rel=\"noopener\">Ver V\u00eddeo<\/a><\/strong>.\u00a0<\/p><p>La plataforma del PAC ser\u00e1 la encargada de guardar todos los documentos electr\u00f3nicos emitidos y el contribuyente tendr\u00e1 acceso a ella. Los costos de los documentos electr\u00f3nicos depender\u00e1n del volumen mensual que usted procese.<\/p>\t\t\t\t\t\t\t\t<\/div>\n\t\t\t\t<div class=\"elementor-element elementor-element-c5a0d2b elementor-widget elementor-widget-text-editor\" data-id=\"c5a0d2b\" data-element_type=\"widget\" data-e-type=\"widget\" data-widget_type=\"text-editor.default\">\n\t\t\t\t\t\t\t\t\t<p>Actualizado el 1 de enero de 2026 seg\u00fan resoluci\u00f3n 201-6299 del 29 de julio de 2025.<\/p><p><strong>Este servicio solo est\u00e1 disponible para los clientes que utilicen nuestra plataforma de SAP B1<\/strong>. Para ponerse en contacto con nuestros especialistas, por favor,\u00a0<strong><a href=\"\/pa\/contacto\/\">contactenos aqu\u00ed<\/a><\/strong>.<\/p>\t\t\t\t\t\t\t\t<\/div>\n\t\t\t\t\t<\/div>\n\t\t<\/div>\n\t\t\t\t\t<\/div>\n\t\t<\/section>\n\t\t\t\t\t<\/div>\n\t\t<\/div>\n\t\t\t\t\t<\/div>\n\t\t<\/section>\n\t\t\t\t<section class=\"elementor-section elementor-top-section elementor-element elementor-element-3378887 elementor-section-stretched elementor-section-full_width elementor-section-height-default elementor-section-height-default\" data-id=\"3378887\" data-element_type=\"section\" data-e-type=\"section\" data-settings=\"{&quot;stretch_section&quot;:&quot;section-stretched&quot;,&quot;background_background&quot;:&quot;classic&quot;}\">\n\t\t\t\t\t\t<div class=\"elementor-container elementor-column-gap-wider\">\n\t\t\t\t\t<div class=\"elementor-column elementor-col-100 elementor-top-column elementor-element elementor-element-7c791f4\" data-id=\"7c791f4\" data-element_type=\"column\" data-e-type=\"column\">\n\t\t\t<div class=\"elementor-widget-wrap elementor-element-populated\">\n\t\t\t\t\t\t<section class=\"elementor-section elementor-inner-section elementor-element elementor-element-f172897 elementor-section-content-middle elementor-section-full_width elementor-section-height-default elementor-section-height-default\" data-id=\"f172897\" data-element_type=\"section\" data-e-type=\"section\">\n\t\t\t\t\t\t<div class=\"elementor-container elementor-column-gap-default\">\n\t\t\t\t\t<div class=\"elementor-column elementor-col-50 elementor-inner-column elementor-element elementor-element-44e0899\" data-id=\"44e0899\" data-element_type=\"column\" data-e-type=\"column\">\n\t\t\t<div class=\"elementor-widget-wrap elementor-element-populated\">\n\t\t\t\t\t\t<div class=\"elementor-element elementor-element-b18fe60 elementor-widget__width-initial elementor-widget elementor-widget-heading\" data-id=\"b18fe60\" data-element_type=\"widget\" data-e-type=\"widget\" data-widget_type=\"heading.default\">\n\t\t\t\t\t<h2 class=\"elementor-heading-title elementor-size-default\">Cont\u00e1ctenos para conocer m\u00e1s<\/h2>\t\t\t\t<\/div>\n\t\t\t\t<div class=\"elementor-element elementor-element-54f5376 elementor-widget elementor-widget-image\" data-id=\"54f5376\" data-element_type=\"widget\" data-e-type=\"widget\" data-widget_type=\"image.default\">\n\t\t\t\t\t\t\t\t\t\t\t\t\t\t\t<img fetchpriority=\"high\" decoding=\"async\" width=\"1024\" height=\"136\" src=\"https:\/\/boyala.com\/pa\/wp-content\/uploads\/sites\/4\/2026\/01\/SAP_BusinessOne_R_grad_blu-scaled-1-1024x136.png\" class=\"attachment-large size-large wp-image-1221\" alt=\"\" srcset=\"https:\/\/boyala.com\/pa\/wp-content\/uploads\/sites\/4\/2026\/01\/SAP_BusinessOne_R_grad_blu-scaled-1-1024x136.png 1024w, https:\/\/boyala.com\/pa\/wp-content\/uploads\/sites\/4\/2026\/01\/SAP_BusinessOne_R_grad_blu-scaled-1-300x40.png 300w, https:\/\/boyala.com\/pa\/wp-content\/uploads\/sites\/4\/2026\/01\/SAP_BusinessOne_R_grad_blu-scaled-1-768x102.png 768w, https:\/\/boyala.com\/pa\/wp-content\/uploads\/sites\/4\/2026\/01\/SAP_BusinessOne_R_grad_blu-scaled-1-1536x205.png 1536w, https:\/\/boyala.com\/pa\/wp-content\/uploads\/sites\/4\/2026\/01\/SAP_BusinessOne_R_grad_blu-scaled-1-2048x273.png 2048w, https:\/\/boyala.com\/pa\/wp-content\/uploads\/sites\/4\/2026\/01\/SAP_BusinessOne_R_grad_blu-scaled-1-150x20.png 150w, https:\/\/boyala.com\/pa\/wp-content\/uploads\/sites\/4\/2026\/01\/SAP_BusinessOne_R_grad_blu-scaled-1-480x64.png 480w\" sizes=\"(max-width:767px) 480px, (max-width:1024px) 100vw, 1024px\" \/>\t\t\t\t\t\t\t\t\t\t\t\t\t\t\t<\/div>\n\t\t\t\t<div class=\"elementor-element elementor-element-fe43d19 elementor-widget elementor-widget-text-editor\" data-id=\"fe43d19\" data-element_type=\"widget\" data-e-type=\"widget\" data-widget_type=\"text-editor.default\">\n\t\t\t\t\t\t\t\t\t<p>Estamos atentos a cualquier inquietud y requerimiento, estamos para ayudarlo.<\/p><p>Cont\u00e1ctenos llenando el formulario.<\/p>\t\t\t\t\t\t\t\t<\/div>\n\t\t\t\t\t<\/div>\n\t\t<\/div>\n\t\t\t\t<div class=\"elementor-column elementor-col-50 elementor-inner-column elementor-element elementor-element-5ee99e4\" data-id=\"5ee99e4\" data-element_type=\"column\" data-e-type=\"column\">\n\t\t\t<div class=\"elementor-widget-wrap elementor-element-populated\">\n\t\t\t\t\t\t<div class=\"elementor-element elementor-element-f76bf2f elementor-widget elementor-widget-html\" data-id=\"f76bf2f\" data-element_type=\"widget\" data-e-type=\"widget\" data-widget_type=\"html.default\">\n\t\t\t\t\t<script charset=\"utf-8\" type=\"text\/javascript\" src=\"\/\/js.hsforms.net\/forms\/embed\/v2.js\"><\/script>\r\n\r\n<script>\r\n\r\nhbspt.forms.create({\r\n\r\nregion: \"na1\",\r\n\r\nportalId: \"46339531\",\r\n\r\nformId: \"5679ae35-7ff1-41b8-889a-4fda66131255\"\r\n\r\n});\r\n\r\n<\/script>\t\t\t\t<\/div>\n\t\t\t\t\t<\/div>\n\t\t<\/div>\n\t\t\t\t\t<\/div>\n\t\t<\/section>\n\t\t\t\t\t<\/div>\n\t\t<\/div>\n\t\t\t\t\t<\/div>\n\t\t<\/section>\n\t\t\t\t<\/div>\n\t\t","protected":false},"excerpt":{"rendered":"<p>Factura Electr\u00f3nica Seg\u00fan la Resoluci\u00f3n 201-6299 del 29 de julio del 2025 de la Direcci\u00f3n General de Ingresos (DGI), a partir del 1 de enero del<span class=\"excerpt-hellip\"> [\u2026]<\/span><\/p>\n","protected":false},"author":1,"featured_media":-1,"parent":547,"menu_order":0,"comment_status":"closed","ping_status":"closed","template":"elementor_header_footer","meta":{"footnotes":""},"class_list":["post-627","page","type-page","status-publish","has-post-thumbnail","hentry"],"_links":{"self":[{"href":"https:\/\/boyala.com\/pa\/wp-json\/wp\/v2\/pages\/627","targetHints":{"allow":["GET"]}}],"collection":[{"href":"https:\/\/boyala.com\/pa\/wp-json\/wp\/v2\/pages"}],"about":[{"href":"https:\/\/boyala.com\/pa\/wp-json\/wp\/v2\/types\/page"}],"author":[{"embeddable":true,"href":"https:\/\/boyala.com\/pa\/wp-json\/wp\/v2\/users\/1"}],"replies":[{"embeddable":true,"href":"https:\/\/boyala.com\/pa\/wp-json\/wp\/v2\/comments?post=627"}],"version-history":[{"count":4,"href":"https:\/\/boyala.com\/pa\/wp-json\/wp\/v2\/pages\/627\/revisions"}],"predecessor-version":[{"id":1403,"href":"https:\/\/boyala.com\/pa\/wp-json\/wp\/v2\/pages\/627\/revisions\/1403"}],"up":[{"embeddable":true,"href":"https:\/\/boyala.com\/pa\/wp-json\/wp\/v2\/pages\/547"}],"wp:featuredmedia":[{"embeddable":true,"href":"https:\/\/boyala.com\/pa\/wp-json\/"}],"wp:attachment":[{"href":"https:\/\/boyala.com\/pa\/wp-json\/wp\/v2\/media?parent=627"}],"curies":[{"name":"wp","href":"https:\/\/api.w.org\/{rel}","templated":true}]}}