{"id":668,"date":"2026-01-02T02:35:22","date_gmt":"2026-01-02T01:35:22","guid":{"rendered":"https:\/\/boyala.com\/?page_id=668"},"modified":"2026-01-19T18:14:37","modified_gmt":"2026-01-19T17:14:37","slug":"servicios","status":"publish","type":"page","link":"https:\/\/boyala.com\/pa\/soluciones\/por-industria\/servicios\/","title":{"rendered":"Servicios"},"content":{"rendered":"\t\t<div data-elementor-type=\"wp-page\" data-elementor-id=\"668\" class=\"elementor elementor-668\" data-elementor-post-type=\"page\">\n\t\t\t\t<div class=\"elementor-element elementor-element-2fd0262 e-con-full e-flex e-con e-parent\" data-id=\"2fd0262\" data-element_type=\"container\" data-e-type=\"container\" data-settings=\"{&quot;background_background&quot;:&quot;gradient&quot;}\">\n\t\t\t\t<div class=\"elementor-element elementor-element-cb35913 elementor-widget elementor-widget-heading\" data-id=\"cb35913\" data-element_type=\"widget\" data-e-type=\"widget\" data-widget_type=\"heading.default\">\n\t\t\t\t\t<h2 class=\"elementor-heading-title elementor-size-default\">Servicios<\/h2>\t\t\t\t<\/div>\n\t\t\t\t<\/div>\n\t\t\t\t<section class=\"elementor-section elementor-top-section elementor-element elementor-element-17f9f3c elementor-section-stretched elementor-section-full_width elementor-section-height-default elementor-section-height-default\" data-id=\"17f9f3c\" data-element_type=\"section\" data-e-type=\"section\" data-settings=\"{&quot;stretch_section&quot;:&quot;section-stretched&quot;}\">\n\t\t\t\t\t\t<div class=\"elementor-container elementor-column-gap-wider\">\n\t\t\t\t\t<div class=\"elementor-column elementor-col-100 elementor-top-column elementor-element elementor-element-f85a9ed\" data-id=\"f85a9ed\" data-element_type=\"column\" data-e-type=\"column\">\n\t\t\t<div class=\"elementor-widget-wrap elementor-element-populated\">\n\t\t\t\t\t\t<section class=\"elementor-section elementor-inner-section elementor-element elementor-element-5c71a36 elementor-section-content-middle elementor-section-full_width elementor-section-height-default elementor-section-height-default\" data-id=\"5c71a36\" data-element_type=\"section\" data-e-type=\"section\">\n\t\t\t\t\t\t<div class=\"elementor-container elementor-column-gap-default\">\n\t\t\t\t\t<div class=\"elementor-column elementor-col-50 elementor-inner-column elementor-element elementor-element-b1cbe02\" data-id=\"b1cbe02\" data-element_type=\"column\" data-e-type=\"column\">\n\t\t\t<div class=\"elementor-widget-wrap elementor-element-populated\">\n\t\t\t\t\t\t<div class=\"elementor-element elementor-element-edde644 elementor-widget elementor-widget-heading\" data-id=\"edde644\" data-element_type=\"widget\" data-e-type=\"widget\" data-widget_type=\"heading.default\">\n\t\t\t\t\t<h2 class=\"elementor-heading-title elementor-size-default\">Decisiones Inteligentes en el Sector Servicios<\/h2>\t\t\t\t<\/div>\n\t\t\t\t<div class=\"elementor-element elementor-element-440906c elementor-widget elementor-widget-text-editor\" data-id=\"440906c\" data-element_type=\"widget\" data-e-type=\"widget\" data-widget_type=\"text-editor.default\">\n\t\t\t\t\t\t\t\t\t<p>En la industria de servicios, como firmas legales, contabilidad o incluso talleres de servicio, el manejo de estad\u00edsticas de facturaci\u00f3n, costos por unidades de negocio u \u00f3rdenes de trabajo es sumamente importante. Saber qu\u00e9 servicios se venden m\u00e1s, a qui\u00e9n se les venden, a qu\u00e9 precio, mantener un f\u00e9rreo control de los cobros y su cartera son elementos claves para asegurar un buen flujo de caja. A trav\u00e9s de los procesos establecidos en\u00a0<strong>SAP Business One<\/strong>, estas funciones se pueden cumplir de manera sencilla, siempre manteniendo informadas a las personas que toman decisiones.<\/p><p>Las principales ventajas de administrar una empresa de servicios usando aprovechando los beneficios de una plataforma de negocios en la nube como\u00a0<strong>SAP Business One<\/strong>\u00a0son:<\/p>\t\t\t\t\t\t\t\t<\/div>\n\t\t\t\t\t<\/div>\n\t\t<\/div>\n\t\t\t\t<div class=\"elementor-column elementor-col-50 elementor-inner-column elementor-element elementor-element-d0f3abd\" data-id=\"d0f3abd\" data-element_type=\"column\" data-e-type=\"column\">\n\t\t\t<div class=\"elementor-widget-wrap elementor-element-populated\">\n\t\t\t\t\t\t<div class=\"elementor-element elementor-element-c656801 elementor-widget elementor-widget-image\" data-id=\"c656801\" data-element_type=\"widget\" data-e-type=\"widget\" data-widget_type=\"image.default\">\n\t\t\t\t\t\t\t\t\t\t\t\t\t\t\t<img fetchpriority=\"high\" decoding=\"async\" width=\"640\" height=\"427\" src=\"https:\/\/boyala.com\/pa\/wp-content\/uploads\/sites\/4\/2026\/01\/boyala-servicios.jpg\" class=\"attachment-large size-large wp-image-709\" alt=\"\" srcset=\"https:\/\/boyala.com\/pa\/wp-content\/uploads\/sites\/4\/2026\/01\/boyala-servicios.jpg 640w, https:\/\/boyala.com\/pa\/wp-content\/uploads\/sites\/4\/2026\/01\/boyala-servicios-300x200.jpg 300w, https:\/\/boyala.com\/pa\/wp-content\/uploads\/sites\/4\/2026\/01\/boyala-servicios-112x75.jpg 112w, https:\/\/boyala.com\/pa\/wp-content\/uploads\/sites\/4\/2026\/01\/boyala-servicios-480x320.jpg 480w\" sizes=\"(max-width:767px) 480px, 640px\" \/>\t\t\t\t\t\t\t\t\t\t\t\t\t\t\t<\/div>\n\t\t\t\t\t<\/div>\n\t\t<\/div>\n\t\t\t\t\t<\/div>\n\t\t<\/section>\n\t\t\t\t\t<\/div>\n\t\t<\/div>\n\t\t\t\t\t<\/div>\n\t\t<\/section>\n\t\t\t\t<section class=\"elementor-section elementor-top-section elementor-element elementor-element-3b1da1c elementor-section-stretched elementor-section-full_width elementor-section-height-default elementor-section-height-default\" data-id=\"3b1da1c\" data-element_type=\"section\" data-e-type=\"section\" data-settings=\"{&quot;stretch_section&quot;:&quot;section-stretched&quot;}\">\n\t\t\t\t\t\t<div class=\"elementor-container elementor-column-gap-wider\">\n\t\t\t\t\t<div class=\"elementor-column elementor-col-100 elementor-top-column elementor-element elementor-element-caa0770\" data-id=\"caa0770\" data-element_type=\"column\" data-e-type=\"column\">\n\t\t\t<div class=\"elementor-widget-wrap elementor-element-populated\">\n\t\t\t\t<div class=\"elementor-element elementor-element-d82157b e-con-full e-flex e-con e-parent\" data-id=\"d82157b\" data-element_type=\"container\" data-e-type=\"container\">\n\t\t<div class=\"elementor-element elementor-element-04b12b3 e-con-full e-flex e-con e-child\" data-id=\"04b12b3\" data-element_type=\"container\" data-e-type=\"container\">\n\t\t\t\t<div class=\"elementor-element elementor-element-bdbfb7c elementor-widget elementor-widget-text-editor\" data-id=\"bdbfb7c\" data-element_type=\"widget\" data-e-type=\"widget\" data-widget_type=\"text-editor.default\">\n\t\t\t\t\t\t\t\t\t<p><span style=\"color: #aa26fa;\"><strong>\u2713 <\/strong><\/span>Manejo de centros de costos como unidades de negocios, para separar ingresos, costos y gastos de diferentes divisiones.<\/p><p><span style=\"color: #aa26fa;\"><strong>\u2713 <\/strong><\/span>Manejo de grupo de clientes, para consolidar antig\u00fcedades, ventas, etc.\u00a0<a href=\"https:\/\/www.youtube.com\/watch?v=uXySTCKjjLM\" target=\"_blank\" rel=\"noopener\">Ver aqu\u00ed<\/a>.<\/p><p><span style=\"color: #aa26fa;\"><strong>\u2713 <\/strong><\/span>Manejo de contratos, para la facturaci\u00f3n recurrente de servicios o \u201cretainer fees\u201d.<\/p><p><span style=\"color: #aa26fa;\"><strong>\u2713 <\/strong><\/span>Manejo de art\u00edculos de servicios para una mejor estad\u00edstica de ventas.<\/p><p><span style=\"color: #aa26fa;\"><strong>\u2713 <\/strong><\/span>Manejo de \u00f3rdenes de trabajo para art\u00edculos serializados e historial de atenci\u00f3n.<\/p>\t\t\t\t\t\t\t\t<\/div>\n\t\t\t\t<\/div>\n\t\t\t\t<\/div>\n\t\t\t\t\t<\/div>\n\t\t<\/div>\n\t\t\t\t\t<\/div>\n\t\t<\/section>\n\t\t\t\t<section class=\"elementor-section elementor-top-section elementor-element elementor-element-1a83810 elementor-section-stretched elementor-section-full_width elementor-section-height-default elementor-section-height-default\" data-id=\"1a83810\" data-element_type=\"section\" data-e-type=\"section\" data-settings=\"{&quot;stretch_section&quot;:&quot;section-stretched&quot;,&quot;background_background&quot;:&quot;classic&quot;}\">\n\t\t\t\t\t\t<div class=\"elementor-container elementor-column-gap-wider\">\n\t\t\t\t\t<div class=\"elementor-column elementor-col-100 elementor-top-column elementor-element elementor-element-278664c\" data-id=\"278664c\" data-element_type=\"column\" data-e-type=\"column\">\n\t\t\t<div class=\"elementor-widget-wrap elementor-element-populated\">\n\t\t\t\t\t\t<section class=\"elementor-section elementor-inner-section elementor-element elementor-element-7733289 elementor-section-content-middle elementor-section-full_width elementor-section-height-default elementor-section-height-default\" data-id=\"7733289\" data-element_type=\"section\" data-e-type=\"section\">\n\t\t\t\t\t\t<div class=\"elementor-container elementor-column-gap-default\">\n\t\t\t\t\t<div class=\"elementor-column elementor-col-50 elementor-inner-column elementor-element elementor-element-48980e3\" data-id=\"48980e3\" data-element_type=\"column\" data-e-type=\"column\">\n\t\t\t<div class=\"elementor-widget-wrap elementor-element-populated\">\n\t\t\t\t\t\t<div class=\"elementor-element elementor-element-e21499b elementor-widget__width-initial elementor-widget elementor-widget-heading\" data-id=\"e21499b\" data-element_type=\"widget\" data-e-type=\"widget\" data-widget_type=\"heading.default\">\n\t\t\t\t\t<h2 class=\"elementor-heading-title elementor-size-default\">Cont\u00e1ctenos para conocer m\u00e1s<\/h2>\t\t\t\t<\/div>\n\t\t\t\t<div class=\"elementor-element elementor-element-7f8704b elementor-widget elementor-widget-image\" data-id=\"7f8704b\" data-element_type=\"widget\" data-e-type=\"widget\" data-widget_type=\"image.default\">\n\t\t\t\t\t\t\t\t\t\t\t\t\t\t\t<img decoding=\"async\" width=\"1024\" height=\"136\" src=\"https:\/\/boyala.com\/pa\/wp-content\/uploads\/sites\/4\/2026\/01\/SAP_BusinessOne_R_grad_blu-scaled-1-1024x136.png\" class=\"attachment-large size-large wp-image-1221\" alt=\"\" srcset=\"https:\/\/boyala.com\/pa\/wp-content\/uploads\/sites\/4\/2026\/01\/SAP_BusinessOne_R_grad_blu-scaled-1-1024x136.png 1024w, https:\/\/boyala.com\/pa\/wp-content\/uploads\/sites\/4\/2026\/01\/SAP_BusinessOne_R_grad_blu-scaled-1-300x40.png 300w, https:\/\/boyala.com\/pa\/wp-content\/uploads\/sites\/4\/2026\/01\/SAP_BusinessOne_R_grad_blu-scaled-1-768x102.png 768w, https:\/\/boyala.com\/pa\/wp-content\/uploads\/sites\/4\/2026\/01\/SAP_BusinessOne_R_grad_blu-scaled-1-1536x205.png 1536w, https:\/\/boyala.com\/pa\/wp-content\/uploads\/sites\/4\/2026\/01\/SAP_BusinessOne_R_grad_blu-scaled-1-2048x273.png 2048w, https:\/\/boyala.com\/pa\/wp-content\/uploads\/sites\/4\/2026\/01\/SAP_BusinessOne_R_grad_blu-scaled-1-150x20.png 150w, https:\/\/boyala.com\/pa\/wp-content\/uploads\/sites\/4\/2026\/01\/SAP_BusinessOne_R_grad_blu-scaled-1-480x64.png 480w\" sizes=\"(max-width:767px) 480px, (max-width:1024px) 100vw, 1024px\" \/>\t\t\t\t\t\t\t\t\t\t\t\t\t\t\t<\/div>\n\t\t\t\t<div class=\"elementor-element elementor-element-8bad264 elementor-widget elementor-widget-text-editor\" data-id=\"8bad264\" data-element_type=\"widget\" data-e-type=\"widget\" data-widget_type=\"text-editor.default\">\n\t\t\t\t\t\t\t\t\t<p>Estamos atentos a cualquier inquietud y requerimiento, estamos para ayudarlo.<\/p><p>Cont\u00e1ctenos llenando el formulario.<\/p>\t\t\t\t\t\t\t\t<\/div>\n\t\t\t\t\t<\/div>\n\t\t<\/div>\n\t\t\t\t<div class=\"elementor-column elementor-col-50 elementor-inner-column elementor-element elementor-element-5be4aa6\" data-id=\"5be4aa6\" data-element_type=\"column\" data-e-type=\"column\">\n\t\t\t<div class=\"elementor-widget-wrap elementor-element-populated\">\n\t\t\t\t\t\t<div class=\"elementor-element elementor-element-083b71b elementor-widget elementor-widget-html\" data-id=\"083b71b\" data-element_type=\"widget\" data-e-type=\"widget\" data-widget_type=\"html.default\">\n\t\t\t\t\t<script charset=\"utf-8\" type=\"text\/javascript\" src=\"\/\/js.hsforms.net\/forms\/embed\/v2.js\"><\/script>\r\n\r\n<script>\r\n\r\nhbspt.forms.create({\r\n\r\nregion: \"na1\",\r\n\r\nportalId: \"46339531\",\r\n\r\nformId: \"5679ae35-7ff1-41b8-889a-4fda66131255\"\r\n\r\n});\r\n\r\n<\/script>\t\t\t\t<\/div>\n\t\t\t\t\t<\/div>\n\t\t<\/div>\n\t\t\t\t\t<\/div>\n\t\t<\/section>\n\t\t\t\t\t<\/div>\n\t\t<\/div>\n\t\t\t\t\t<\/div>\n\t\t<\/section>\n\t\t\t\t<\/div>\n\t\t","protected":false},"excerpt":{"rendered":"<p>Servicios Decisiones Inteligentes en el Sector Servicios En la industria de servicios, como firmas legales, contabilidad o incluso talleres de servicio, el manejo de estad\u00edsticas de<span class=\"excerpt-hellip\"> [\u2026]<\/span><\/p>\n","protected":false},"author":1,"featured_media":-1,"parent":556,"menu_order":0,"comment_status":"closed","ping_status":"closed","template":"elementor_header_footer","meta":{"footnotes":""},"class_list":["post-668","page","type-page","status-publish","has-post-thumbnail","hentry"],"_links":{"self":[{"href":"https:\/\/boyala.com\/pa\/wp-json\/wp\/v2\/pages\/668","targetHints":{"allow":["GET"]}}],"collection":[{"href":"https:\/\/boyala.com\/pa\/wp-json\/wp\/v2\/pages"}],"about":[{"href":"https:\/\/boyala.com\/pa\/wp-json\/wp\/v2\/types\/page"}],"author":[{"embeddable":true,"href":"https:\/\/boyala.com\/pa\/wp-json\/wp\/v2\/users\/1"}],"replies":[{"embeddable":true,"href":"https:\/\/boyala.com\/pa\/wp-json\/wp\/v2\/comments?post=668"}],"version-history":[{"count":1,"href":"https:\/\/boyala.com\/pa\/wp-json\/wp\/v2\/pages\/668\/revisions"}],"predecessor-version":[{"id":1362,"href":"https:\/\/boyala.com\/pa\/wp-json\/wp\/v2\/pages\/668\/revisions\/1362"}],"up":[{"embeddable":true,"href":"https:\/\/boyala.com\/pa\/wp-json\/wp\/v2\/pages\/556"}],"wp:featuredmedia":[{"embeddable":true,"href":"https:\/\/boyala.com\/pa\/wp-json\/"}],"wp:attachment":[{"href":"https:\/\/boyala.com\/pa\/wp-json\/wp\/v2\/media?parent=668"}],"curies":[{"name":"wp","href":"https:\/\/api.w.org\/{rel}","templated":true}]}}