{"id":674,"date":"2026-01-02T02:42:06","date_gmt":"2026-01-02T01:42:06","guid":{"rendered":"https:\/\/boyala.com\/?page_id=674"},"modified":"2026-01-19T19:07:16","modified_gmt":"2026-01-19T18:07:16","slug":"sap-para-contadores","status":"publish","type":"page","link":"https:\/\/boyala.com\/pa\/soluciones\/por-industria\/sap-para-contadores\/","title":{"rendered":"SAP Para Contadores"},"content":{"rendered":"\t\t<div data-elementor-type=\"wp-page\" data-elementor-id=\"674\" class=\"elementor elementor-674\" data-elementor-post-type=\"page\">\n\t\t\t\t<div class=\"elementor-element elementor-element-2fd0262 e-con-full e-flex e-con e-parent\" data-id=\"2fd0262\" data-element_type=\"container\" data-e-type=\"container\" data-settings=\"{&quot;background_background&quot;:&quot;gradient&quot;}\">\n\t\t\t\t<div class=\"elementor-element elementor-element-cb35913 elementor-widget elementor-widget-heading\" data-id=\"cb35913\" data-element_type=\"widget\" data-e-type=\"widget\" data-widget_type=\"heading.default\">\n\t\t\t\t\t<h2 class=\"elementor-heading-title elementor-size-default\">SAP Para Contadores<\/h2>\t\t\t\t<\/div>\n\t\t\t\t<\/div>\n\t\t\t\t<section class=\"elementor-section elementor-top-section elementor-element elementor-element-17f9f3c elementor-section-stretched elementor-section-full_width elementor-section-height-default elementor-section-height-default\" data-id=\"17f9f3c\" data-element_type=\"section\" data-e-type=\"section\" data-settings=\"{&quot;stretch_section&quot;:&quot;section-stretched&quot;}\">\n\t\t\t\t\t\t<div class=\"elementor-container elementor-column-gap-wider\">\n\t\t\t\t\t<div class=\"elementor-column elementor-col-100 elementor-top-column elementor-element elementor-element-f85a9ed\" data-id=\"f85a9ed\" data-element_type=\"column\" data-e-type=\"column\">\n\t\t\t<div class=\"elementor-widget-wrap elementor-element-populated\">\n\t\t\t\t\t\t<section class=\"elementor-section elementor-inner-section elementor-element elementor-element-5c71a36 elementor-section-content-middle elementor-section-full_width elementor-section-height-default elementor-section-height-default\" data-id=\"5c71a36\" data-element_type=\"section\" data-e-type=\"section\">\n\t\t\t\t\t\t<div class=\"elementor-container elementor-column-gap-default\">\n\t\t\t\t\t<div class=\"elementor-column elementor-col-50 elementor-inner-column elementor-element elementor-element-b1cbe02\" data-id=\"b1cbe02\" data-element_type=\"column\" data-e-type=\"column\">\n\t\t\t<div class=\"elementor-widget-wrap elementor-element-populated\">\n\t\t\t\t\t\t<div class=\"elementor-element elementor-element-edde644 elementor-widget elementor-widget-heading\" data-id=\"edde644\" data-element_type=\"widget\" data-e-type=\"widget\" data-widget_type=\"heading.default\">\n\t\t\t\t\t<h2 class=\"elementor-heading-title elementor-size-default\">Seguridad y continuidad contable en la nube<\/h2>\t\t\t\t<\/div>\n\t\t\t\t<div class=\"elementor-element elementor-element-440906c elementor-widget elementor-widget-text-editor\" data-id=\"440906c\" data-element_type=\"widget\" data-e-type=\"widget\" data-widget_type=\"text-editor.default\">\n\t\t\t\t\t\t\t\t\t<p>Existen muchas preguntas, cuando llega el momento de crecer en su empresa o la de sus clientes, en que hay que tomar la decisi\u00f3n de adquirir una plataforma o una soluci\u00f3n ERP para manejar la contabilidad y trazabilidad dentro de una empresa.<\/p><p><a href=\"http:\/\/sap.com\/\" target=\"_blank\" rel=\"noopener\"><strong>SAP<\/strong><\/a>\u00a0es la soluci\u00f3n en software para contabilidad Sistemas, Aplicaciones y Productos en Procesamiento de Datos (por sus siglas en alem\u00e1n) es una soluci\u00f3n para llevar los registros financieros, contables y de transacciones que ayuda a llevar un control y a reportar la informaci\u00f3n operativa al final de los periodos previamente establecidos. El software tambi\u00e9n ayuda a analizar informaci\u00f3n financiera por medio de herramientas de Inteligencia de Negocios y se puede estructurar, con la ayuda de aplicaciones, para mantener la informaci\u00f3n de un CRM.\u00a0La plataforma de\u00a0<a href=\"\/pa\/productos\/sap-business-one-cloud\/\"><strong>SAP Business One Cloud de Boyala<\/strong><\/a>\u00a0es la soluci\u00f3n de SAP para contadores y le puede proporcionar una serie de beneficios para brindar servicios de tercerizaci\u00f3n contables a sus clientes.<\/p>\t\t\t\t\t\t\t\t<\/div>\n\t\t\t\t\t<\/div>\n\t\t<\/div>\n\t\t\t\t<div class=\"elementor-column elementor-col-50 elementor-inner-column elementor-element elementor-element-d0f3abd\" data-id=\"d0f3abd\" data-element_type=\"column\" data-e-type=\"column\">\n\t\t\t<div class=\"elementor-widget-wrap elementor-element-populated\">\n\t\t\t\t\t\t<div class=\"elementor-element elementor-element-c656801 elementor-widget elementor-widget-image\" data-id=\"c656801\" data-element_type=\"widget\" data-e-type=\"widget\" data-widget_type=\"image.default\">\n\t\t\t\t\t\t\t\t\t\t\t\t\t\t\t<img fetchpriority=\"high\" decoding=\"async\" width=\"1024\" height=\"682\" src=\"https:\/\/boyala.com\/pa\/wp-content\/uploads\/sites\/4\/2026\/01\/sap-para-contadores-1024x682.jpg\" class=\"attachment-large size-large wp-image-713\" alt=\"\" srcset=\"https:\/\/boyala.com\/pa\/wp-content\/uploads\/sites\/4\/2026\/01\/sap-para-contadores-1024x682.jpg 1024w, https:\/\/boyala.com\/pa\/wp-content\/uploads\/sites\/4\/2026\/01\/sap-para-contadores-300x200.jpg 300w, https:\/\/boyala.com\/pa\/wp-content\/uploads\/sites\/4\/2026\/01\/sap-para-contadores-768x512.jpg 768w, https:\/\/boyala.com\/pa\/wp-content\/uploads\/sites\/4\/2026\/01\/sap-para-contadores-113x75.jpg 113w, https:\/\/boyala.com\/pa\/wp-content\/uploads\/sites\/4\/2026\/01\/sap-para-contadores-480x320.jpg 480w, https:\/\/boyala.com\/pa\/wp-content\/uploads\/sites\/4\/2026\/01\/sap-para-contadores.jpg 1037w\" sizes=\"(max-width:767px) 480px, (max-width:1024px) 100vw, 1024px\" \/>\t\t\t\t\t\t\t\t\t\t\t\t\t\t\t<\/div>\n\t\t\t\t\t<\/div>\n\t\t<\/div>\n\t\t\t\t\t<\/div>\n\t\t<\/section>\n\t\t\t\t<section class=\"elementor-section elementor-inner-section elementor-element elementor-element-2b828f9 elementor-section-content-middle elementor-section-full_width elementor-section-height-default elementor-section-height-default\" data-id=\"2b828f9\" data-element_type=\"section\" data-e-type=\"section\">\n\t\t\t\t\t\t<div class=\"elementor-container elementor-column-gap-default\">\n\t\t\t\t\t<div class=\"elementor-column elementor-col-100 elementor-inner-column elementor-element elementor-element-69da858\" data-id=\"69da858\" data-element_type=\"column\" data-e-type=\"column\">\n\t\t\t<div class=\"elementor-widget-wrap elementor-element-populated\">\n\t\t\t\t\t\t<div class=\"elementor-element elementor-element-cc518c0 elementor-widget elementor-widget-heading\" data-id=\"cc518c0\" data-element_type=\"widget\" data-e-type=\"widget\" data-widget_type=\"heading.default\">\n\t\t\t\t\t<h2 class=\"elementor-heading-title elementor-size-default\">Si est\u00e1 buscando SAP para Contadores, es porque usted se ha preguntado:<\/h2>\t\t\t\t<\/div>\n\t\t\t\t<div class=\"elementor-element elementor-element-3f4a90d elementor-widget elementor-widget-text-editor\" data-id=\"3f4a90d\" data-element_type=\"widget\" data-e-type=\"widget\" data-widget_type=\"text-editor.default\">\n\t\t\t\t\t\t\t\t\t<p><span style=\"color: #aa26fa;\"><strong>\u2713 <\/strong><\/span>\u00bfNecesita una plataforma tecnol\u00f3gica para darle servicios contables a sus clientes?<\/p><p><span style=\"color: #aa26fa;\"><strong>\u2713 <\/strong><\/span>\u00bfQue hay m\u00e1s all\u00e1 de Sage 50 o de Peachtree? \u00bfqu\u00e9 soluci\u00f3n es m\u00e1s robusta que Sage 50 o Peachtree?<\/p><p><span style=\"color: #aa26fa;\"><strong>\u2713 <\/strong><\/span>\u00bfCon que soluci\u00f3n puede darle continuidad a mi base de datos que ya tengo en Sage 50 o Peachtree?<\/p><p><span style=\"color: #aa26fa;\"><strong>\u2713 <\/strong><\/span>\u00bfC\u00f3mo puedo mantener la contabilidad y las cuentas de mis clientes sin tener que ingresar la informaci\u00f3n m\u00e1s de una vez?<\/p><p><span style=\"color: #aa26fa;\"><strong>\u2713 <\/strong><\/span>\u00bfNecesito un software de contabilidad ERP?<\/p><p><span style=\"color: #aa26fa;\"><strong>\u2713 <\/strong><\/span>\u00bfQu\u00e9 pasa con la informaci\u00f3n de mis clientes si pierdo esta computadora o el Disco Duro Externo donde llevo su informaci\u00f3n?<\/p>\t\t\t\t\t\t\t\t<\/div>\n\t\t\t\t\t<\/div>\n\t\t<\/div>\n\t\t\t\t\t<\/div>\n\t\t<\/section>\n\t\t\t\t\t<\/div>\n\t\t<\/div>\n\t\t\t\t\t<\/div>\n\t\t<\/section>\n\t\t\t\t<section class=\"elementor-section elementor-top-section elementor-element elementor-element-3b1da1c elementor-section-stretched elementor-section-full_width elementor-section-height-default elementor-section-height-default\" data-id=\"3b1da1c\" data-element_type=\"section\" data-e-type=\"section\" data-settings=\"{&quot;stretch_section&quot;:&quot;section-stretched&quot;,&quot;background_background&quot;:&quot;classic&quot;}\">\n\t\t\t\t\t\t<div class=\"elementor-container elementor-column-gap-wider\">\n\t\t\t\t\t<div class=\"elementor-column elementor-col-100 elementor-top-column elementor-element elementor-element-caa0770\" data-id=\"caa0770\" data-element_type=\"column\" data-e-type=\"column\">\n\t\t\t<div class=\"elementor-widget-wrap elementor-element-populated\">\n\t\t\t\t<div class=\"elementor-element elementor-element-d82157b e-con-full e-flex e-con e-parent\" data-id=\"d82157b\" data-element_type=\"container\" data-e-type=\"container\">\n\t\t<div class=\"elementor-element elementor-element-04b12b3 e-con-full e-flex e-con e-child\" data-id=\"04b12b3\" data-element_type=\"container\" data-e-type=\"container\">\n\t\t\t\t<div class=\"elementor-element elementor-element-eec4052 elementor-widget elementor-widget-heading\" data-id=\"eec4052\" data-element_type=\"widget\" data-e-type=\"widget\" data-widget_type=\"heading.default\">\n\t\t\t\t\t<h2 class=\"elementor-heading-title elementor-size-default\">Entre los beneficios que puede percibir est\u00e1n:<\/h2>\t\t\t\t<\/div>\n\t\t\t\t<div class=\"elementor-element elementor-element-bdbfb7c elementor-widget elementor-widget-text-editor\" data-id=\"bdbfb7c\" data-element_type=\"widget\" data-e-type=\"widget\" data-widget_type=\"text-editor.default\">\n\t\t\t\t\t\t\t\t\t<p><span style=\"color: #aa26fa;\"><strong>\u2713 <\/strong><\/span>Compartir la misma plataforma de operaci\u00f3n y contabilidad con su cliente, reduciendo la doble digitaci\u00f3n de informaci\u00f3n.<\/p><p><span style=\"color: #aa26fa;\"><strong>\u2713 <\/strong><\/span>Automatizaci\u00f3n de la informaci\u00f3n fiscal para ITBMS, Formulario 43 y declaraci\u00f3n de renta (Amarre y sus anexos).<\/p><p><span style=\"color: #aa26fa;\"><strong>\u2713 <\/strong><\/span>Centralizaci\u00f3n de toda su cartera dentro de una sola plataforma, lo que permite una supervisi\u00f3n y manejo integrado de sus clientes.<\/p><p><span style=\"color: #aa26fa;\"><strong>\u2713 <\/strong><\/span>Toda su informaci\u00f3n y la de sus clientes protegida bajo las m\u00e1s altas certificaciones de seguridad en la industria utilizando nuestra plataforma en centros de datos certificados.<\/p><p><span style=\"color: #aa26fa;\"><strong>\u2713 <\/strong><\/span>Plataforma certificada para medios magn\u00e9ticos.<\/p><p><span style=\"color: #aa26fa;\"><strong>\u2713 <\/strong><\/span>Alto valor percibido por el cliente al brindarle la oportunidad de integrar su operaci\u00f3n a una plataforma de negocios de primera l\u00ednea.<\/p><p><span style=\"color: #aa26fa;\"><strong>\u2713 <\/strong><\/span>La posibilidad de poder atender clientes que solo utilizan plataformas que cumplen en ciertos est\u00e1ndares como\u00a0<strong><a href=\"http:\/\/www.soxlaw.com\/\" target=\"_blank\" rel=\"noopener\">SOX<\/a><\/strong>\u00a0y\u00a0<a href=\"https:\/\/www.ifrs.org\/\" target=\"_blank\" rel=\"noopener\"><strong>NIIF<\/strong><\/a>.<\/p><p><span style=\"color: #aa26fa;\"><strong>\u2713 <\/strong><\/span>Programa de afiliados donde puede generar ingreso extra al obtener un porcentaje de las ventas realizadas por licencias a sus clientes para el uso de la plataforma.<\/p>\t\t\t\t\t\t\t\t<\/div>\n\t\t\t\t<div class=\"elementor-element elementor-element-af29a69 elementor-widget elementor-widget-text-editor\" data-id=\"af29a69\" data-element_type=\"widget\" data-e-type=\"widget\" data-widget_type=\"text-editor.default\">\n\t\t\t\t\t\t\t\t\t<p>Ya sea una firma de muchos contadores o un profesional independiente con la necesidad de una herramienta como SAP para contadores, nuestra plataforma puede ayudarle a mejorar su calidad de servicio, brindando eficiencias en el trabajo de la tercerizaci\u00f3n contable, pudiendo generar ingresos extras a la vez.<\/p>\t\t\t\t\t\t\t\t<\/div>\n\t\t\t\t<\/div>\n\t\t\t\t<\/div>\n\t\t\t\t\t<\/div>\n\t\t<\/div>\n\t\t\t\t\t<\/div>\n\t\t<\/section>\n\t\t\t\t<section class=\"elementor-section elementor-top-section elementor-element elementor-element-d67be18 elementor-section-stretched elementor-section-full_width elementor-section-height-default elementor-section-height-default\" data-id=\"d67be18\" data-element_type=\"section\" data-e-type=\"section\" data-settings=\"{&quot;stretch_section&quot;:&quot;section-stretched&quot;,&quot;background_background&quot;:&quot;classic&quot;}\">\n\t\t\t\t\t\t<div class=\"elementor-container elementor-column-gap-wider\">\n\t\t\t\t\t<div class=\"elementor-column elementor-col-100 elementor-top-column elementor-element elementor-element-5c91e1e\" data-id=\"5c91e1e\" data-element_type=\"column\" data-e-type=\"column\">\n\t\t\t<div class=\"elementor-widget-wrap elementor-element-populated\">\n\t\t\t\t\t\t<section class=\"elementor-section elementor-inner-section elementor-element elementor-element-9785e23 elementor-section-content-middle elementor-section-full_width elementor-section-height-default elementor-section-height-default\" data-id=\"9785e23\" data-element_type=\"section\" data-e-type=\"section\">\n\t\t\t\t\t\t<div class=\"elementor-container elementor-column-gap-default\">\n\t\t\t\t\t<div class=\"elementor-column elementor-col-50 elementor-inner-column elementor-element elementor-element-581e452\" data-id=\"581e452\" data-element_type=\"column\" data-e-type=\"column\">\n\t\t\t<div class=\"elementor-widget-wrap elementor-element-populated\">\n\t\t\t\t\t\t<div class=\"elementor-element elementor-element-2990bdc elementor-widget__width-initial elementor-widget elementor-widget-heading\" data-id=\"2990bdc\" data-element_type=\"widget\" data-e-type=\"widget\" data-widget_type=\"heading.default\">\n\t\t\t\t\t<h2 class=\"elementor-heading-title elementor-size-default\">Cont\u00e1ctenos para conocer m\u00e1s<\/h2>\t\t\t\t<\/div>\n\t\t\t\t<div class=\"elementor-element elementor-element-9a73b0c elementor-widget elementor-widget-image\" data-id=\"9a73b0c\" data-element_type=\"widget\" data-e-type=\"widget\" data-widget_type=\"image.default\">\n\t\t\t\t\t\t\t\t\t\t\t\t\t\t\t<img decoding=\"async\" width=\"1024\" height=\"136\" src=\"https:\/\/boyala.com\/pa\/wp-content\/uploads\/sites\/4\/2026\/01\/SAP_BusinessOne_R_grad_blu-scaled-1-1024x136.png\" class=\"attachment-large size-large wp-image-1221\" alt=\"\" srcset=\"https:\/\/boyala.com\/pa\/wp-content\/uploads\/sites\/4\/2026\/01\/SAP_BusinessOne_R_grad_blu-scaled-1-1024x136.png 1024w, https:\/\/boyala.com\/pa\/wp-content\/uploads\/sites\/4\/2026\/01\/SAP_BusinessOne_R_grad_blu-scaled-1-300x40.png 300w, https:\/\/boyala.com\/pa\/wp-content\/uploads\/sites\/4\/2026\/01\/SAP_BusinessOne_R_grad_blu-scaled-1-768x102.png 768w, https:\/\/boyala.com\/pa\/wp-content\/uploads\/sites\/4\/2026\/01\/SAP_BusinessOne_R_grad_blu-scaled-1-1536x205.png 1536w, https:\/\/boyala.com\/pa\/wp-content\/uploads\/sites\/4\/2026\/01\/SAP_BusinessOne_R_grad_blu-scaled-1-2048x273.png 2048w, https:\/\/boyala.com\/pa\/wp-content\/uploads\/sites\/4\/2026\/01\/SAP_BusinessOne_R_grad_blu-scaled-1-150x20.png 150w, https:\/\/boyala.com\/pa\/wp-content\/uploads\/sites\/4\/2026\/01\/SAP_BusinessOne_R_grad_blu-scaled-1-480x64.png 480w\" sizes=\"(max-width:767px) 480px, (max-width:1024px) 100vw, 1024px\" \/>\t\t\t\t\t\t\t\t\t\t\t\t\t\t\t<\/div>\n\t\t\t\t<div class=\"elementor-element elementor-element-38bfa8c elementor-widget elementor-widget-text-editor\" data-id=\"38bfa8c\" data-element_type=\"widget\" data-e-type=\"widget\" data-widget_type=\"text-editor.default\">\n\t\t\t\t\t\t\t\t\t<p>Cont\u00e1ctanos, con mucho gusto te apoyamos migrando tu operaci\u00f3n contable, y la de tus clientes, a la nube, de la manera m\u00e1s segura y accesible.<\/p><p>Cont\u00e1ctenos llenando el formulario.<\/p>\t\t\t\t\t\t\t\t<\/div>\n\t\t\t\t\t<\/div>\n\t\t<\/div>\n\t\t\t\t<div class=\"elementor-column elementor-col-50 elementor-inner-column elementor-element elementor-element-7b089e6\" data-id=\"7b089e6\" data-element_type=\"column\" data-e-type=\"column\">\n\t\t\t<div class=\"elementor-widget-wrap elementor-element-populated\">\n\t\t\t\t\t\t<div class=\"elementor-element elementor-element-8c78379 elementor-widget elementor-widget-html\" data-id=\"8c78379\" data-element_type=\"widget\" data-e-type=\"widget\" data-widget_type=\"html.default\">\n\t\t\t\t\t<script charset=\"utf-8\" type=\"text\/javascript\" src=\"\/\/js.hsforms.net\/forms\/embed\/v2.js\"><\/script>\n\n<script>\n\nhbspt.forms.create({\n\nregion: \"na1\",\n\nportalId: \"46339531\",\n\nformId: \"cdd043ba-7ce7-48fe-8872-70e57b18587d\"\n\n});\n\n<\/script>\t\t\t\t<\/div>\n\t\t\t\t\t<\/div>\n\t\t<\/div>\n\t\t\t\t\t<\/div>\n\t\t<\/section>\n\t\t\t\t\t<\/div>\n\t\t<\/div>\n\t\t\t\t\t<\/div>\n\t\t<\/section>\n\t\t\t\t<\/div>\n\t\t","protected":false},"excerpt":{"rendered":"<p>SAP Para Contadores Seguridad y continuidad contable en la nube Existen muchas preguntas, cuando llega el momento de crecer en su empresa o la de sus<span class=\"excerpt-hellip\"> [\u2026]<\/span><\/p>\n","protected":false},"author":1,"featured_media":-1,"parent":556,"menu_order":0,"comment_status":"closed","ping_status":"closed","template":"elementor_header_footer","meta":{"footnotes":""},"class_list":["post-674","page","type-page","status-publish","has-post-thumbnail","hentry"],"_links":{"self":[{"href":"https:\/\/boyala.com\/pa\/wp-json\/wp\/v2\/pages\/674","targetHints":{"allow":["GET"]}}],"collection":[{"href":"https:\/\/boyala.com\/pa\/wp-json\/wp\/v2\/pages"}],"about":[{"href":"https:\/\/boyala.com\/pa\/wp-json\/wp\/v2\/types\/page"}],"author":[{"embeddable":true,"href":"https:\/\/boyala.com\/pa\/wp-json\/wp\/v2\/users\/1"}],"replies":[{"embeddable":true,"href":"https:\/\/boyala.com\/pa\/wp-json\/wp\/v2\/comments?post=674"}],"version-history":[{"count":4,"href":"https:\/\/boyala.com\/pa\/wp-json\/wp\/v2\/pages\/674\/revisions"}],"predecessor-version":[{"id":1430,"href":"https:\/\/boyala.com\/pa\/wp-json\/wp\/v2\/pages\/674\/revisions\/1430"}],"up":[{"embeddable":true,"href":"https:\/\/boyala.com\/pa\/wp-json\/wp\/v2\/pages\/556"}],"wp:featuredmedia":[{"embeddable":true,"href":"https:\/\/boyala.com\/pa\/wp-json\/"}],"wp:attachment":[{"href":"https:\/\/boyala.com\/pa\/wp-json\/wp\/v2\/media?parent=674"}],"curies":[{"name":"wp","href":"https:\/\/api.w.org\/{rel}","templated":true}]}}