{"id":731,"date":"2026-01-02T15:29:25","date_gmt":"2026-01-02T14:29:25","guid":{"rendered":"https:\/\/boyala.com\/?page_id=731"},"modified":"2026-01-19T19:01:53","modified_gmt":"2026-01-19T18:01:53","slug":"gerencia","status":"publish","type":"page","link":"https:\/\/boyala.com\/pa\/soluciones\/por-rol\/gerencia\/","title":{"rendered":"Gerencia"},"content":{"rendered":"\t\t<div data-elementor-type=\"wp-page\" data-elementor-id=\"731\" class=\"elementor elementor-731\" data-elementor-post-type=\"page\">\n\t\t\t\t<div class=\"elementor-element elementor-element-232cc5c e-con-full e-flex e-con e-parent\" data-id=\"232cc5c\" data-element_type=\"container\" data-e-type=\"container\" data-settings=\"{&quot;background_background&quot;:&quot;gradient&quot;}\">\n\t\t\t\t<div class=\"elementor-element elementor-element-a201995 elementor-widget elementor-widget-heading\" data-id=\"a201995\" data-element_type=\"widget\" data-e-type=\"widget\" data-widget_type=\"heading.default\">\n\t\t\t\t\t<h2 class=\"elementor-heading-title elementor-size-default\">Gerencia<\/h2>\t\t\t\t<\/div>\n\t\t\t\t<\/div>\n\t\t\t\t<section class=\"elementor-section elementor-top-section elementor-element elementor-element-3809b48 elementor-section-stretched elementor-section-full_width elementor-section-height-default elementor-section-height-default\" data-id=\"3809b48\" data-element_type=\"section\" data-e-type=\"section\" data-settings=\"{&quot;stretch_section&quot;:&quot;section-stretched&quot;}\">\n\t\t\t\t\t\t<div class=\"elementor-container elementor-column-gap-wider\">\n\t\t\t\t\t<div class=\"elementor-column elementor-col-100 elementor-top-column elementor-element elementor-element-688a175\" data-id=\"688a175\" data-element_type=\"column\" data-e-type=\"column\">\n\t\t\t<div class=\"elementor-widget-wrap elementor-element-populated\">\n\t\t\t\t\t\t<section class=\"elementor-section elementor-inner-section elementor-element elementor-element-813879a elementor-section-content-middle elementor-section-full_width elementor-section-height-default elementor-section-height-default\" data-id=\"813879a\" data-element_type=\"section\" data-e-type=\"section\">\n\t\t\t\t\t\t<div class=\"elementor-container elementor-column-gap-default\">\n\t\t\t\t\t<div class=\"elementor-column elementor-col-50 elementor-inner-column elementor-element elementor-element-df61a35\" data-id=\"df61a35\" data-element_type=\"column\" data-e-type=\"column\">\n\t\t\t<div class=\"elementor-widget-wrap elementor-element-populated\">\n\t\t\t\t\t\t<div class=\"elementor-element elementor-element-cb18d85 elementor-widget elementor-widget-image\" data-id=\"cb18d85\" data-element_type=\"widget\" data-e-type=\"widget\" data-widget_type=\"image.default\">\n\t\t\t\t\t\t\t\t\t\t\t\t\t\t\t<img fetchpriority=\"high\" decoding=\"async\" width=\"640\" height=\"427\" src=\"https:\/\/boyala.com\/pa\/wp-content\/uploads\/sites\/4\/2026\/01\/Gerencia.jpg\" class=\"attachment-large size-large wp-image-994\" alt=\"\" srcset=\"https:\/\/boyala.com\/pa\/wp-content\/uploads\/sites\/4\/2026\/01\/Gerencia.jpg 640w, https:\/\/boyala.com\/pa\/wp-content\/uploads\/sites\/4\/2026\/01\/Gerencia-300x200.jpg 300w, https:\/\/boyala.com\/pa\/wp-content\/uploads\/sites\/4\/2026\/01\/Gerencia-112x75.jpg 112w, https:\/\/boyala.com\/pa\/wp-content\/uploads\/sites\/4\/2026\/01\/Gerencia-480x320.jpg 480w\" sizes=\"(max-width:767px) 480px, 640px\" \/>\t\t\t\t\t\t\t\t\t\t\t\t\t\t\t<\/div>\n\t\t\t\t\t<\/div>\n\t\t<\/div>\n\t\t\t\t<div class=\"elementor-column elementor-col-50 elementor-inner-column elementor-element elementor-element-3b75d7a\" data-id=\"3b75d7a\" data-element_type=\"column\" data-e-type=\"column\">\n\t\t\t<div class=\"elementor-widget-wrap elementor-element-populated\">\n\t\t\t\t\t\t<div class=\"elementor-element elementor-element-4a1fbde elementor-widget elementor-widget-heading\" data-id=\"4a1fbde\" data-element_type=\"widget\" data-e-type=\"widget\" data-widget_type=\"heading.default\">\n\t\t\t\t\t<h2 class=\"elementor-heading-title elementor-size-default\">Tome decisiones estrat\u00e9gicas sin depender de la operaci\u00f3n diaria<\/h2>\t\t\t\t<\/div>\n\t\t\t\t<div class=\"elementor-element elementor-element-3c271e9 elementor-widget elementor-widget-text-editor\" data-id=\"3c271e9\" data-element_type=\"widget\" data-e-type=\"widget\" data-widget_type=\"text-editor.default\">\n\t\t\t\t\t\t\t\t\t<p><strong>Perfil:<\/strong> Gerentes generales, directores, socios, comit\u00e9 ejecutivo.<\/p><p>La gerencia necesita claridad, control y rapidez para tomar decisiones. Con Boyala, el gerente <strong>no necesita aprender ni operar SAP Business One<\/strong>. A trav\u00e9s de <strong>tableros de control ejecutivos, predefinidos o dise\u00f1ados a la medida<\/strong>, puede gestionar toda la informaci\u00f3n necesaria para dirigir el negocio de forma efectiva.<\/p><p>Los dashboards consolidan informaci\u00f3n financiera, comercial y operativa proveniente de <strong>SAP Business One<\/strong>, present\u00e1ndola de manera clara, visual y actualizada, enfocada exclusivamente en la toma de decisiones.<\/p>\t\t\t\t\t\t\t\t<\/div>\n\t\t\t\t\t<\/div>\n\t\t<\/div>\n\t\t\t\t\t<\/div>\n\t\t<\/section>\n\t\t\t\t\t<\/div>\n\t\t<\/div>\n\t\t\t\t\t<\/div>\n\t\t<\/section>\n\t\t\t\t<section class=\"elementor-section elementor-top-section elementor-element elementor-element-5974ee0 elementor-section-stretched elementor-section-full_width elementor-section-height-default elementor-section-height-default\" data-id=\"5974ee0\" data-element_type=\"section\" data-e-type=\"section\" data-settings=\"{&quot;stretch_section&quot;:&quot;section-stretched&quot;,&quot;background_background&quot;:&quot;classic&quot;}\">\n\t\t\t\t\t\t<div class=\"elementor-container elementor-column-gap-wider\">\n\t\t\t\t\t<div class=\"elementor-column elementor-col-100 elementor-top-column elementor-element elementor-element-253c895\" data-id=\"253c895\" data-element_type=\"column\" data-e-type=\"column\">\n\t\t\t<div class=\"elementor-widget-wrap elementor-element-populated\">\n\t\t\t\t\t\t<div class=\"elementor-element elementor-element-2ee726f elementor-widget-mobile__width-initial elementor-widget elementor-widget-heading\" data-id=\"2ee726f\" data-element_type=\"widget\" data-e-type=\"widget\" data-widget_type=\"heading.default\">\n\t\t\t\t\t<h2 class=\"elementor-heading-title elementor-size-default\">Capacidades clave para Gerencia<\/h2>\t\t\t\t<\/div>\n\t\t<div class=\"elementor-element elementor-element-a3e6ab9 e-con-full e-flex e-con e-parent\" data-id=\"a3e6ab9\" data-element_type=\"container\" data-e-type=\"container\">\n\t\t<div class=\"elementor-element elementor-element-38dd6c2 e-con-full e-flex e-con e-child\" data-id=\"38dd6c2\" data-element_type=\"container\" data-e-type=\"container\" data-settings=\"{&quot;background_background&quot;:&quot;classic&quot;}\">\n\t\t\t\t<div class=\"elementor-element elementor-element-6b0da16 elementor-widget elementor-widget-text-editor\" data-id=\"6b0da16\" data-element_type=\"widget\" data-e-type=\"widget\" data-widget_type=\"text-editor.default\">\n\t\t\t\t\t\t\t\t\t<p><strong>Visibilidad integral del negocio<\/strong><\/p><p><strong><span style=\"color: #a726fa;\">\u2713<\/span> <\/strong>Informaci\u00f3n centralizada de todas las \u00e1reas de la empresa desde <strong>SAP Business One<\/strong>.<\/p><p><strong><span style=\"color: #a726fa;\">\u2713<\/span> <\/strong>Eliminaci\u00f3n de reportes manuales y dependencia de terceros.<\/p><p><strong>Relacionado:<\/strong><\/p><p><strong><span style=\"color: #a726fa;\">\u2713<\/span> <\/strong>SAP Business One<\/p><p><strong><span style=\"color: #a726fa;\">\u2713<\/span> <\/strong>Consultor\u00eda de implementaci\u00f3n<\/p>\t\t\t\t\t\t\t\t<\/div>\n\t\t\t\t<\/div>\n\t\t<div class=\"elementor-element elementor-element-745c50d e-con-full e-flex e-con e-child\" data-id=\"745c50d\" data-element_type=\"container\" data-e-type=\"container\" data-settings=\"{&quot;background_background&quot;:&quot;classic&quot;}\">\n\t\t\t\t<div class=\"elementor-element elementor-element-3213a95 elementor-widget elementor-widget-text-editor\" data-id=\"3213a95\" data-element_type=\"widget\" data-e-type=\"widget\" data-widget_type=\"text-editor.default\">\n\t\t\t\t\t\t\t\t\t<p><strong>KPIs y tableros ejecutivos<\/strong><\/p><p><strong><span style=\"color: #a726fa;\">\u2713<\/span> <\/strong>Indicadores clave en tiempo real: ventas, rentabilidad, costos, flujo de caja.<\/p><p><strong><span style=\"color: #a726fa;\">\u2713<\/span> <\/strong>Tableros ejecutivos listos para usar o totalmente personalizados.<\/p><p><strong><span style=\"color: #a726fa;\">\u2713<\/span> <\/strong>Informaci\u00f3n presentada sin complejidad operativa.<\/p><p><strong>Relacionado:<\/strong><\/p><p><strong><span style=\"color: #a726fa;\">\u2713<\/span> <\/strong>Power BI &amp; Anal\u00edtica Empresarial<\/p><p><strong><span style=\"color: #a726fa;\">\u2713<\/span> <\/strong>Dashboards ejecutivos<\/p>\t\t\t\t\t\t\t\t<\/div>\n\t\t\t\t<\/div>\n\t\t<div class=\"elementor-element elementor-element-6b4de77 e-con-full e-flex e-con e-child\" data-id=\"6b4de77\" data-element_type=\"container\" data-e-type=\"container\" data-settings=\"{&quot;background_background&quot;:&quot;classic&quot;}\">\n\t\t\t\t<div class=\"elementor-element elementor-element-f21f19e elementor-widget elementor-widget-text-editor\" data-id=\"f21f19e\" data-element_type=\"widget\" data-e-type=\"widget\" data-widget_type=\"text-editor.default\">\n\t\t\t\t\t\t\t\t\t<p><strong>Planeaci\u00f3n y control estrat\u00e9gico<\/strong><\/p><p><strong><span style=\"color: #a726fa;\">\u2713<\/span> <\/strong>Comparaci\u00f3n de presupuestos vs resultados reales.<\/p><p><strong><span style=\"color: #a726fa;\">\u2713<\/span> <\/strong>Soporte para expansi\u00f3n, nuevas unidades de negocio o crecimiento regional.<\/p><p><strong>Relacionado:<\/strong><\/p><p><strong><span style=\"color: #a726fa;\">\u2713<\/span> <\/strong>Soluciones Cloud<\/p><p><strong><span style=\"color: #a726fa;\">\u2713<\/span> <\/strong>Consultor\u00eda empresarial<\/p>\t\t\t\t\t\t\t\t<\/div>\n\t\t\t\t<\/div>\n\t\t<div class=\"elementor-element elementor-element-449f3ac e-con-full elementor-hidden-desktop elementor-hidden-tablet elementor-hidden-mobile e-flex e-con e-child\" data-id=\"449f3ac\" data-element_type=\"container\" data-e-type=\"container\" data-settings=\"{&quot;background_background&quot;:&quot;classic&quot;}\">\n\t\t\t\t<div class=\"elementor-element elementor-element-bf77c9e elementor-widget elementor-widget-text-editor\" data-id=\"bf77c9e\" data-element_type=\"widget\" data-e-type=\"widget\" data-widget_type=\"text-editor.default\">\n\t\t\t\t\t\t\t\t\t<p><strong>Call to Actions<\/strong><\/p><p><strong><span style=\"color: #a726fa;\">\u2713<\/span> <\/strong>Ver ejemplos de tableros ejecutivos<\/p><p><strong><span style=\"color: #a726fa;\">\u2713<\/span> <\/strong>Conocer nuestras soluciones de Power BI<\/p><p><strong><span style=\"color: #a726fa;\">\u2713<\/span> <\/strong>Hablar con un consultor Boyala<\/p>\t\t\t\t\t\t\t\t<\/div>\n\t\t\t\t<\/div>\n\t\t\t\t<\/div>\n\t\t\t\t\t<\/div>\n\t\t<\/div>\n\t\t\t\t\t<\/div>\n\t\t<\/section>\n\t\t\t\t<section class=\"elementor-section elementor-top-section elementor-element elementor-element-646ebdc elementor-section-stretched elementor-section-full_width elementor-section-height-default elementor-section-height-default\" data-id=\"646ebdc\" data-element_type=\"section\" data-e-type=\"section\" data-settings=\"{&quot;stretch_section&quot;:&quot;section-stretched&quot;,&quot;background_background&quot;:&quot;classic&quot;}\">\n\t\t\t\t\t\t<div class=\"elementor-container elementor-column-gap-wider\">\n\t\t\t\t\t<div class=\"elementor-column elementor-col-100 elementor-top-column elementor-element elementor-element-b65b487\" data-id=\"b65b487\" data-element_type=\"column\" data-e-type=\"column\">\n\t\t\t<div class=\"elementor-widget-wrap elementor-element-populated\">\n\t\t\t\t\t\t<section class=\"elementor-section elementor-inner-section elementor-element elementor-element-5a81e51 elementor-section-content-middle elementor-section-full_width elementor-section-height-default elementor-section-height-default\" data-id=\"5a81e51\" data-element_type=\"section\" data-e-type=\"section\">\n\t\t\t\t\t\t<div class=\"elementor-container elementor-column-gap-default\">\n\t\t\t\t\t<div class=\"elementor-column elementor-col-50 elementor-inner-column elementor-element elementor-element-2f613d8\" data-id=\"2f613d8\" data-element_type=\"column\" data-e-type=\"column\">\n\t\t\t<div class=\"elementor-widget-wrap elementor-element-populated\">\n\t\t\t\t\t\t<div class=\"elementor-element elementor-element-aeb141b elementor-widget__width-initial elementor-widget elementor-widget-heading\" data-id=\"aeb141b\" data-element_type=\"widget\" data-e-type=\"widget\" data-widget_type=\"heading.default\">\n\t\t\t\t\t<h2 class=\"elementor-heading-title elementor-size-default\">Cont\u00e1ctenos para conocer m\u00e1s<\/h2>\t\t\t\t<\/div>\n\t\t\t\t<div class=\"elementor-element elementor-element-acf0fee elementor-widget elementor-widget-image\" data-id=\"acf0fee\" data-element_type=\"widget\" data-e-type=\"widget\" data-widget_type=\"image.default\">\n\t\t\t\t\t\t\t\t\t\t\t\t\t\t\t<img decoding=\"async\" width=\"1024\" height=\"136\" src=\"https:\/\/boyala.com\/pa\/wp-content\/uploads\/sites\/4\/2026\/01\/SAP_BusinessOne_R_grad_blu-scaled-1-1024x136.png\" class=\"attachment-large size-large wp-image-1221\" alt=\"\" srcset=\"https:\/\/boyala.com\/pa\/wp-content\/uploads\/sites\/4\/2026\/01\/SAP_BusinessOne_R_grad_blu-scaled-1-1024x136.png 1024w, https:\/\/boyala.com\/pa\/wp-content\/uploads\/sites\/4\/2026\/01\/SAP_BusinessOne_R_grad_blu-scaled-1-300x40.png 300w, https:\/\/boyala.com\/pa\/wp-content\/uploads\/sites\/4\/2026\/01\/SAP_BusinessOne_R_grad_blu-scaled-1-768x102.png 768w, https:\/\/boyala.com\/pa\/wp-content\/uploads\/sites\/4\/2026\/01\/SAP_BusinessOne_R_grad_blu-scaled-1-1536x205.png 1536w, https:\/\/boyala.com\/pa\/wp-content\/uploads\/sites\/4\/2026\/01\/SAP_BusinessOne_R_grad_blu-scaled-1-2048x273.png 2048w, https:\/\/boyala.com\/pa\/wp-content\/uploads\/sites\/4\/2026\/01\/SAP_BusinessOne_R_grad_blu-scaled-1-150x20.png 150w, https:\/\/boyala.com\/pa\/wp-content\/uploads\/sites\/4\/2026\/01\/SAP_BusinessOne_R_grad_blu-scaled-1-480x64.png 480w\" sizes=\"(max-width:767px) 480px, (max-width:1024px) 100vw, 1024px\" \/>\t\t\t\t\t\t\t\t\t\t\t\t\t\t\t<\/div>\n\t\t\t\t<div class=\"elementor-element elementor-element-0927ed1 elementor-widget elementor-widget-text-editor\" data-id=\"0927ed1\" data-element_type=\"widget\" data-e-type=\"widget\" data-widget_type=\"text-editor.default\">\n\t\t\t\t\t\t\t\t\t<p>Estamos atentos a cualquier inquietud y requerimiento, estamos para ayudarlo.<\/p><p>Cont\u00e1ctenos llenando el formulario.<\/p>\t\t\t\t\t\t\t\t<\/div>\n\t\t\t\t\t<\/div>\n\t\t<\/div>\n\t\t\t\t<div class=\"elementor-column elementor-col-50 elementor-inner-column elementor-element elementor-element-12ae6b6\" data-id=\"12ae6b6\" data-element_type=\"column\" data-e-type=\"column\">\n\t\t\t<div class=\"elementor-widget-wrap elementor-element-populated\">\n\t\t\t\t\t\t<div class=\"elementor-element elementor-element-fd0e2dc elementor-widget elementor-widget-html\" data-id=\"fd0e2dc\" data-element_type=\"widget\" data-e-type=\"widget\" data-widget_type=\"html.default\">\n\t\t\t\t\t<script charset=\"utf-8\" type=\"text\/javascript\" src=\"\/\/js.hsforms.net\/forms\/embed\/v2.js\"><\/script>\r\n\r\n<script>\r\n\r\nhbspt.forms.create({\r\n\r\nregion: \"na1\",\r\n\r\nportalId: \"46339531\",\r\n\r\nformId: \"5679ae35-7ff1-41b8-889a-4fda66131255\"\r\n\r\n});\r\n\r\n<\/script>\t\t\t\t<\/div>\n\t\t\t\t\t<\/div>\n\t\t<\/div>\n\t\t\t\t\t<\/div>\n\t\t<\/section>\n\t\t\t\t\t<\/div>\n\t\t<\/div>\n\t\t\t\t\t<\/div>\n\t\t<\/section>\n\t\t\t\t<\/div>\n\t\t","protected":false},"excerpt":{"rendered":"<p>Gerencia Tome decisiones estrat\u00e9gicas sin depender de la operaci\u00f3n diaria Perfil: Gerentes generales, directores, socios, comit\u00e9 ejecutivo. La gerencia necesita claridad, control y rapidez para tomar<span class=\"excerpt-hellip\"> [\u2026]<\/span><\/p>\n","protected":false},"author":1,"featured_media":-1,"parent":554,"menu_order":0,"comment_status":"closed","ping_status":"closed","template":"elementor_header_footer","meta":{"footnotes":""},"class_list":["post-731","page","type-page","status-publish","has-post-thumbnail","hentry"],"_links":{"self":[{"href":"https:\/\/boyala.com\/pa\/wp-json\/wp\/v2\/pages\/731","targetHints":{"allow":["GET"]}}],"collection":[{"href":"https:\/\/boyala.com\/pa\/wp-json\/wp\/v2\/pages"}],"about":[{"href":"https:\/\/boyala.com\/pa\/wp-json\/wp\/v2\/types\/page"}],"author":[{"embeddable":true,"href":"https:\/\/boyala.com\/pa\/wp-json\/wp\/v2\/users\/1"}],"replies":[{"embeddable":true,"href":"https:\/\/boyala.com\/pa\/wp-json\/wp\/v2\/comments?post=731"}],"version-history":[{"count":4,"href":"https:\/\/boyala.com\/pa\/wp-json\/wp\/v2\/pages\/731\/revisions"}],"predecessor-version":[{"id":1409,"href":"https:\/\/boyala.com\/pa\/wp-json\/wp\/v2\/pages\/731\/revisions\/1409"}],"up":[{"embeddable":true,"href":"https:\/\/boyala.com\/pa\/wp-json\/wp\/v2\/pages\/554"}],"wp:featuredmedia":[{"embeddable":true,"href":"https:\/\/boyala.com\/pa\/wp-json\/"}],"wp:attachment":[{"href":"https:\/\/boyala.com\/pa\/wp-json\/wp\/v2\/media?parent=731"}],"curies":[{"name":"wp","href":"https:\/\/api.w.org\/{rel}","templated":true}]}}