{"id":741,"date":"2026-01-02T15:55:28","date_gmt":"2026-01-02T14:55:28","guid":{"rendered":"https:\/\/boyala.com\/?page_id=741"},"modified":"2026-01-19T19:02:31","modified_gmt":"2026-01-19T18:02:31","slug":"finanzas","status":"publish","type":"page","link":"https:\/\/boyala.com\/pa\/soluciones\/por-rol\/finanzas\/","title":{"rendered":"Finanzas"},"content":{"rendered":"\t\t<div data-elementor-type=\"wp-page\" data-elementor-id=\"741\" class=\"elementor elementor-741\" data-elementor-post-type=\"page\">\n\t\t\t\t<div class=\"elementor-element elementor-element-232cc5c e-con-full e-flex e-con e-parent\" data-id=\"232cc5c\" data-element_type=\"container\" data-e-type=\"container\" data-settings=\"{&quot;background_background&quot;:&quot;gradient&quot;}\">\n\t\t\t\t<div class=\"elementor-element elementor-element-a201995 elementor-widget elementor-widget-heading\" data-id=\"a201995\" data-element_type=\"widget\" data-e-type=\"widget\" data-widget_type=\"heading.default\">\n\t\t\t\t\t<h2 class=\"elementor-heading-title elementor-size-default\">Finanzas<\/h2>\t\t\t\t<\/div>\n\t\t\t\t<\/div>\n\t\t\t\t<section class=\"elementor-section elementor-top-section elementor-element elementor-element-3809b48 elementor-section-stretched elementor-section-full_width elementor-section-height-default elementor-section-height-default\" data-id=\"3809b48\" data-element_type=\"section\" data-e-type=\"section\" data-settings=\"{&quot;stretch_section&quot;:&quot;section-stretched&quot;}\">\n\t\t\t\t\t\t<div class=\"elementor-container elementor-column-gap-wider\">\n\t\t\t\t\t<div class=\"elementor-column elementor-col-100 elementor-top-column elementor-element elementor-element-688a175\" data-id=\"688a175\" data-element_type=\"column\" data-e-type=\"column\">\n\t\t\t<div class=\"elementor-widget-wrap elementor-element-populated\">\n\t\t\t\t\t\t<section class=\"elementor-section elementor-inner-section elementor-element elementor-element-813879a elementor-section-content-middle elementor-section-full_width elementor-section-height-default elementor-section-height-default\" data-id=\"813879a\" data-element_type=\"section\" data-e-type=\"section\">\n\t\t\t\t\t\t<div class=\"elementor-container elementor-column-gap-default\">\n\t\t\t\t\t<div class=\"elementor-column elementor-col-50 elementor-inner-column elementor-element elementor-element-df61a35\" data-id=\"df61a35\" data-element_type=\"column\" data-e-type=\"column\">\n\t\t\t<div class=\"elementor-widget-wrap elementor-element-populated\">\n\t\t\t\t\t\t<div class=\"elementor-element elementor-element-cb18d85 elementor-widget elementor-widget-image\" data-id=\"cb18d85\" data-element_type=\"widget\" data-e-type=\"widget\" data-widget_type=\"image.default\">\n\t\t\t\t\t\t\t\t\t\t\t\t\t\t\t<img fetchpriority=\"high\" decoding=\"async\" width=\"640\" height=\"427\" src=\"https:\/\/boyala.com\/pa\/wp-content\/uploads\/sites\/4\/2026\/01\/Finanzas.jpg\" class=\"attachment-large size-large wp-image-998\" alt=\"\" srcset=\"https:\/\/boyala.com\/pa\/wp-content\/uploads\/sites\/4\/2026\/01\/Finanzas.jpg 640w, https:\/\/boyala.com\/pa\/wp-content\/uploads\/sites\/4\/2026\/01\/Finanzas-300x200.jpg 300w, https:\/\/boyala.com\/pa\/wp-content\/uploads\/sites\/4\/2026\/01\/Finanzas-112x75.jpg 112w, https:\/\/boyala.com\/pa\/wp-content\/uploads\/sites\/4\/2026\/01\/Finanzas-480x320.jpg 480w\" sizes=\"(max-width:767px) 480px, 640px\" \/>\t\t\t\t\t\t\t\t\t\t\t\t\t\t\t<\/div>\n\t\t\t\t\t<\/div>\n\t\t<\/div>\n\t\t\t\t<div class=\"elementor-column elementor-col-50 elementor-inner-column elementor-element elementor-element-3b75d7a\" data-id=\"3b75d7a\" data-element_type=\"column\" data-e-type=\"column\">\n\t\t\t<div class=\"elementor-widget-wrap elementor-element-populated\">\n\t\t\t\t\t\t<div class=\"elementor-element elementor-element-4a1fbde elementor-widget elementor-widget-heading\" data-id=\"4a1fbde\" data-element_type=\"widget\" data-e-type=\"widget\" data-widget_type=\"heading.default\">\n\t\t\t\t\t<h2 class=\"elementor-heading-title elementor-size-default\">Control financiero, cumplimiento y confianza en los n\u00fameros<\/h2>\t\t\t\t<\/div>\n\t\t\t\t<div class=\"elementor-element elementor-element-3c271e9 elementor-widget elementor-widget-text-editor\" data-id=\"3c271e9\" data-element_type=\"widget\" data-e-type=\"widget\" data-widget_type=\"text-editor.default\">\n\t\t\t\t\t\t\t\t\t<p><strong>Perfil:<\/strong> Finanzas, contabilidad, tesorer\u00eda, auditor\u00eda interna y externa.<\/p><p>El \u00e1rea financiera requiere precisi\u00f3n absoluta, trazabilidad y cumplimiento normativo. Boyala implementa <strong>SAP Business One<\/strong> como plataforma financiera central y <strong>Power BI<\/strong> como capa avanzada de an\u00e1lisis y proyecci\u00f3n.<\/p>\t\t\t\t\t\t\t\t<\/div>\n\t\t\t\t\t<\/div>\n\t\t<\/div>\n\t\t\t\t\t<\/div>\n\t\t<\/section>\n\t\t\t\t\t<\/div>\n\t\t<\/div>\n\t\t\t\t\t<\/div>\n\t\t<\/section>\n\t\t\t\t<section class=\"elementor-section elementor-top-section elementor-element elementor-element-5974ee0 elementor-section-stretched elementor-section-full_width elementor-section-height-default elementor-section-height-default\" data-id=\"5974ee0\" data-element_type=\"section\" data-e-type=\"section\" data-settings=\"{&quot;stretch_section&quot;:&quot;section-stretched&quot;,&quot;background_background&quot;:&quot;classic&quot;}\">\n\t\t\t\t\t\t<div class=\"elementor-container elementor-column-gap-wider\">\n\t\t\t\t\t<div class=\"elementor-column elementor-col-100 elementor-top-column elementor-element elementor-element-253c895\" data-id=\"253c895\" data-element_type=\"column\" data-e-type=\"column\">\n\t\t\t<div class=\"elementor-widget-wrap elementor-element-populated\">\n\t\t\t\t\t\t<div class=\"elementor-element elementor-element-2ee726f elementor-widget elementor-widget-heading\" data-id=\"2ee726f\" data-element_type=\"widget\" data-e-type=\"widget\" data-widget_type=\"heading.default\">\n\t\t\t\t\t<h2 class=\"elementor-heading-title elementor-size-default\">Capacidades clave para Finanzas<\/h2>\t\t\t\t<\/div>\n\t\t<div class=\"elementor-element elementor-element-a3e6ab9 e-con-full e-flex e-con e-parent\" data-id=\"a3e6ab9\" data-element_type=\"container\" data-e-type=\"container\">\n\t\t<div class=\"elementor-element elementor-element-38dd6c2 e-con-full e-flex e-con e-child\" data-id=\"38dd6c2\" data-element_type=\"container\" data-e-type=\"container\" data-settings=\"{&quot;background_background&quot;:&quot;classic&quot;}\">\n\t\t\t\t<div class=\"elementor-element elementor-element-6b0da16 elementor-widget elementor-widget-text-editor\" data-id=\"6b0da16\" data-element_type=\"widget\" data-e-type=\"widget\" data-widget_type=\"text-editor.default\">\n\t\t\t\t\t\t\t\t\t<p><strong>Contabilidad integrada, multiempresa y presupuestos<\/strong><\/p><p><strong><span style=\"color: #a726fa;\">\u2713<\/span> <\/strong>Libro mayor, cuentas por pagar y cobrar, activos fijos y bancos en <strong>SAP Business One<\/strong>.<\/p><p><strong><span style=\"color: #a726fa;\">\u2713<\/span> Funcionamiento multiempresa<\/strong>, ideal para grupos empresariales.<\/p><p><strong><span style=\"color: #a726fa;\">\u2713<\/span> Gesti\u00f3n de presupuestos<\/strong> por per\u00edodo, centro de costo o unidad de negocio.<\/p><p><strong><span style=\"color: #a726fa;\">\u2713<\/span> <\/strong>Cierres financieros m\u00e1s r\u00e1pidos, ordenados y confiables.<\/p><p><strong>Relacionado:<\/strong><\/p><p><strong><span style=\"color: #a726fa;\">\u2713<\/span> <\/strong>SAP Business One \u2013 Finanzas<\/p><p><strong><span style=\"color: #a726fa;\">\u2713<\/span> <\/strong>Implementaci\u00f3n contable<\/p>\t\t\t\t\t\t\t\t<\/div>\n\t\t\t\t<\/div>\n\t\t<div class=\"elementor-element elementor-element-745c50d e-con-full e-flex e-con e-child\" data-id=\"745c50d\" data-element_type=\"container\" data-e-type=\"container\" data-settings=\"{&quot;background_background&quot;:&quot;classic&quot;}\">\n\t\t\t\t<div class=\"elementor-element elementor-element-3213a95 elementor-widget elementor-widget-text-editor\" data-id=\"3213a95\" data-element_type=\"widget\" data-e-type=\"widget\" data-widget_type=\"text-editor.default\">\n\t\t\t\t\t\t\t\t\t<p><strong>Cumplimiento fiscal y regulatorio<\/strong><\/p><p><strong><span style=\"color: #a726fa;\">\u2713<\/span> <\/strong>Facturaci\u00f3n electr\u00f3nica integrada con <strong>SAP Business One<\/strong>.<\/p><p><strong><span style=\"color: #a726fa;\">\u2713<\/span> Amarre fiscal y reportes locales<\/strong>, incluyendo:<\/p><ul><li style=\"list-style-type: none;\"><ul><li>Rentas<\/li><li>Anexo 72<\/li><li>Anexo 94<\/li><li>Formulario 43<\/li><li>Papeles de Trabajo de ITBMS<\/li><\/ul><\/li><\/ul><p><strong><span style=\"color: #a726fa;\">\u2713<\/span> <\/strong>Informaci\u00f3n estructurada y lista para auditor\u00edas.<\/p><p><strong>Relacionado:<\/strong><\/p><p><strong><span style=\"color: #a726fa;\">\u2713<\/span> <\/strong>Facturaci\u00f3n electr\u00f3nica<\/p><p><strong><span style=\"color: #a726fa;\">\u2713<\/span> <\/strong>Cumplimiento fiscal local<\/p>\t\t\t\t\t\t\t\t<\/div>\n\t\t\t\t<\/div>\n\t\t<div class=\"elementor-element elementor-element-6b4de77 e-con-full e-flex e-con e-child\" data-id=\"6b4de77\" data-element_type=\"container\" data-e-type=\"container\" data-settings=\"{&quot;background_background&quot;:&quot;classic&quot;}\">\n\t\t\t\t<div class=\"elementor-element elementor-element-f21f19e elementor-widget elementor-widget-text-editor\" data-id=\"f21f19e\" data-element_type=\"widget\" data-e-type=\"widget\" data-widget_type=\"text-editor.default\">\n\t\t\t\t\t\t\t\t\t<p><strong>An\u00e1lisis financiero avanzado en Power BI<\/strong><\/p><p><strong><span style=\"color: #a726fa;\">\u2713<\/span> <\/strong>Estados financieros din\u00e1micos basados en <strong>SAP Business One<\/strong>.<\/p><p><strong><span style=\"color: #a726fa;\">\u2713<\/span> Reportes especiales en Power BI<\/strong>, tales como:<\/p><ul><li style=\"list-style-type: none;\"><ul><li>Rolling Forecast<\/li><li>Flujos de efectivo<\/li><li>An\u00e1lisis de variaciones y m\u00e1rgenes<\/li><\/ul><\/li><\/ul><p><strong><span style=\"color: #a726fa;\">\u2713<\/span> <\/strong>Informaci\u00f3n clara tanto para finanzas como para gerencia.<\/p><p><strong>Relacionado:<\/strong><\/p><p><strong><span style=\"color: #a726fa;\">\u2713<\/span> <\/strong>Power BI \u2013 Finanzas<\/p><p><strong><span style=\"color: #a726fa;\">\u2713<\/span> <\/strong>Anal\u00edtica financiera<\/p>\t\t\t\t\t\t\t\t<\/div>\n\t\t\t\t<\/div>\n\t\t<div class=\"elementor-element elementor-element-449f3ac e-con-full elementor-hidden-desktop elementor-hidden-tablet elementor-hidden-mobile e-flex e-con e-child\" data-id=\"449f3ac\" data-element_type=\"container\" data-e-type=\"container\" data-settings=\"{&quot;background_background&quot;:&quot;classic&quot;}\">\n\t\t\t\t<div class=\"elementor-element elementor-element-bf77c9e elementor-widget elementor-widget-text-editor\" data-id=\"bf77c9e\" data-element_type=\"widget\" data-e-type=\"widget\" data-widget_type=\"text-editor.default\">\n\t\t\t\t\t\t\t\t\t<p><strong>Call to Actions<\/strong><\/p><p><strong><span style=\"color: #a726fa;\">\u2713<\/span> <\/strong>Ver soluciones financieras en SAP Business One<\/p><p><strong><span style=\"color: #a726fa;\">\u2713<\/span> <\/strong>Explorar reportes financieros en Power BI<\/p><p><strong><span style=\"color: #a726fa;\">\u2713<\/span> <\/strong>Solicitar una demostraci\u00f3n<\/p>\t\t\t\t\t\t\t\t<\/div>\n\t\t\t\t<\/div>\n\t\t\t\t<\/div>\n\t\t\t\t\t<\/div>\n\t\t<\/div>\n\t\t\t\t\t<\/div>\n\t\t<\/section>\n\t\t\t\t<section class=\"elementor-section elementor-top-section elementor-element elementor-element-4d0c6d9 elementor-section-stretched elementor-section-full_width elementor-section-height-default elementor-section-height-default\" data-id=\"4d0c6d9\" data-element_type=\"section\" data-e-type=\"section\" data-settings=\"{&quot;stretch_section&quot;:&quot;section-stretched&quot;,&quot;background_background&quot;:&quot;classic&quot;}\">\n\t\t\t\t\t\t<div class=\"elementor-container elementor-column-gap-wider\">\n\t\t\t\t\t<div class=\"elementor-column elementor-col-100 elementor-top-column elementor-element elementor-element-ce33ca5\" data-id=\"ce33ca5\" data-element_type=\"column\" data-e-type=\"column\">\n\t\t\t<div class=\"elementor-widget-wrap elementor-element-populated\">\n\t\t\t\t\t\t<section class=\"elementor-section elementor-inner-section elementor-element elementor-element-0efa2b1 elementor-section-content-middle elementor-section-full_width elementor-section-height-default elementor-section-height-default\" data-id=\"0efa2b1\" data-element_type=\"section\" data-e-type=\"section\">\n\t\t\t\t\t\t<div class=\"elementor-container elementor-column-gap-default\">\n\t\t\t\t\t<div class=\"elementor-column elementor-col-50 elementor-inner-column elementor-element elementor-element-eba5465\" data-id=\"eba5465\" data-element_type=\"column\" data-e-type=\"column\">\n\t\t\t<div class=\"elementor-widget-wrap elementor-element-populated\">\n\t\t\t\t\t\t<div class=\"elementor-element elementor-element-6abf0b1 elementor-widget__width-initial elementor-widget elementor-widget-heading\" data-id=\"6abf0b1\" data-element_type=\"widget\" data-e-type=\"widget\" data-widget_type=\"heading.default\">\n\t\t\t\t\t<h2 class=\"elementor-heading-title elementor-size-default\">Cont\u00e1ctenos para conocer m\u00e1s<\/h2>\t\t\t\t<\/div>\n\t\t\t\t<div class=\"elementor-element elementor-element-d863733 elementor-widget elementor-widget-image\" data-id=\"d863733\" data-element_type=\"widget\" data-e-type=\"widget\" data-widget_type=\"image.default\">\n\t\t\t\t\t\t\t\t\t\t\t\t\t\t\t<img decoding=\"async\" width=\"1024\" height=\"136\" src=\"https:\/\/boyala.com\/pa\/wp-content\/uploads\/sites\/4\/2026\/01\/SAP_BusinessOne_R_grad_blu-scaled-1-1024x136.png\" class=\"attachment-large size-large wp-image-1221\" alt=\"\" srcset=\"https:\/\/boyala.com\/pa\/wp-content\/uploads\/sites\/4\/2026\/01\/SAP_BusinessOne_R_grad_blu-scaled-1-1024x136.png 1024w, https:\/\/boyala.com\/pa\/wp-content\/uploads\/sites\/4\/2026\/01\/SAP_BusinessOne_R_grad_blu-scaled-1-300x40.png 300w, https:\/\/boyala.com\/pa\/wp-content\/uploads\/sites\/4\/2026\/01\/SAP_BusinessOne_R_grad_blu-scaled-1-768x102.png 768w, https:\/\/boyala.com\/pa\/wp-content\/uploads\/sites\/4\/2026\/01\/SAP_BusinessOne_R_grad_blu-scaled-1-1536x205.png 1536w, https:\/\/boyala.com\/pa\/wp-content\/uploads\/sites\/4\/2026\/01\/SAP_BusinessOne_R_grad_blu-scaled-1-2048x273.png 2048w, https:\/\/boyala.com\/pa\/wp-content\/uploads\/sites\/4\/2026\/01\/SAP_BusinessOne_R_grad_blu-scaled-1-150x20.png 150w, https:\/\/boyala.com\/pa\/wp-content\/uploads\/sites\/4\/2026\/01\/SAP_BusinessOne_R_grad_blu-scaled-1-480x64.png 480w\" sizes=\"(max-width:767px) 480px, (max-width:1024px) 100vw, 1024px\" \/>\t\t\t\t\t\t\t\t\t\t\t\t\t\t\t<\/div>\n\t\t\t\t<div class=\"elementor-element elementor-element-d0b688a elementor-widget elementor-widget-text-editor\" data-id=\"d0b688a\" data-element_type=\"widget\" data-e-type=\"widget\" data-widget_type=\"text-editor.default\">\n\t\t\t\t\t\t\t\t\t<p>Estamos atentos a cualquier inquietud y requerimiento, estamos para ayudarlo.<\/p><p>Cont\u00e1ctenos llenando el formulario.<\/p>\t\t\t\t\t\t\t\t<\/div>\n\t\t\t\t\t<\/div>\n\t\t<\/div>\n\t\t\t\t<div class=\"elementor-column elementor-col-50 elementor-inner-column elementor-element elementor-element-2067fd3\" data-id=\"2067fd3\" data-element_type=\"column\" data-e-type=\"column\">\n\t\t\t<div class=\"elementor-widget-wrap elementor-element-populated\">\n\t\t\t\t\t\t<div class=\"elementor-element elementor-element-59efe95 elementor-widget elementor-widget-html\" data-id=\"59efe95\" data-element_type=\"widget\" data-e-type=\"widget\" data-widget_type=\"html.default\">\n\t\t\t\t\t<script charset=\"utf-8\" type=\"text\/javascript\" src=\"\/\/js.hsforms.net\/forms\/embed\/v2.js\"><\/script>\r\n\r\n<script>\r\n\r\nhbspt.forms.create({\r\n\r\nregion: \"na1\",\r\n\r\nportalId: \"46339531\",\r\n\r\nformId: \"5679ae35-7ff1-41b8-889a-4fda66131255\"\r\n\r\n});\r\n\r\n<\/script>\t\t\t\t<\/div>\n\t\t\t\t\t<\/div>\n\t\t<\/div>\n\t\t\t\t\t<\/div>\n\t\t<\/section>\n\t\t\t\t\t<\/div>\n\t\t<\/div>\n\t\t\t\t\t<\/div>\n\t\t<\/section>\n\t\t\t\t<\/div>\n\t\t","protected":false},"excerpt":{"rendered":"<p>Finanzas Control financiero, cumplimiento y confianza en los n\u00fameros Perfil: Finanzas, contabilidad, tesorer\u00eda, auditor\u00eda interna y externa. El \u00e1rea financiera requiere precisi\u00f3n absoluta, trazabilidad y cumplimiento<span class=\"excerpt-hellip\"> [\u2026]<\/span><\/p>\n","protected":false},"author":1,"featured_media":-1,"parent":554,"menu_order":0,"comment_status":"closed","ping_status":"closed","template":"elementor_header_footer","meta":{"footnotes":""},"class_list":["post-741","page","type-page","status-publish","has-post-thumbnail","hentry"],"_links":{"self":[{"href":"https:\/\/boyala.com\/pa\/wp-json\/wp\/v2\/pages\/741","targetHints":{"allow":["GET"]}}],"collection":[{"href":"https:\/\/boyala.com\/pa\/wp-json\/wp\/v2\/pages"}],"about":[{"href":"https:\/\/boyala.com\/pa\/wp-json\/wp\/v2\/types\/page"}],"author":[{"embeddable":true,"href":"https:\/\/boyala.com\/pa\/wp-json\/wp\/v2\/users\/1"}],"replies":[{"embeddable":true,"href":"https:\/\/boyala.com\/pa\/wp-json\/wp\/v2\/comments?post=741"}],"version-history":[{"count":4,"href":"https:\/\/boyala.com\/pa\/wp-json\/wp\/v2\/pages\/741\/revisions"}],"predecessor-version":[{"id":1412,"href":"https:\/\/boyala.com\/pa\/wp-json\/wp\/v2\/pages\/741\/revisions\/1412"}],"up":[{"embeddable":true,"href":"https:\/\/boyala.com\/pa\/wp-json\/wp\/v2\/pages\/554"}],"wp:featuredmedia":[{"embeddable":true,"href":"https:\/\/boyala.com\/pa\/wp-json\/"}],"wp:attachment":[{"href":"https:\/\/boyala.com\/pa\/wp-json\/wp\/v2\/media?parent=741"}],"curies":[{"name":"wp","href":"https:\/\/api.w.org\/{rel}","templated":true}]}}